{"id":1602,"date":"2025-03-11T18:06:52","date_gmt":"2025-03-11T18:06:52","guid":{"rendered":"http:\/\/nh0.18b.myftpupload.com\/?page_id=1602"},"modified":"2025-08-11T11:27:48","modified_gmt":"2025-08-11T15:27:48","slug":"about-us","status":"publish","type":"page","link":"https:\/\/peqab.ca\/fr\/about-us\/","title":{"rendered":"\u00c0 propos de nous"},"content":{"rendered":"<div class=\"wp-block-uagb-container uagb-block-6962a992 alignfull uagb-is-root-container\"><div class=\"uagb-container-inner-blocks-wrap\">\n<div class=\"wp-block-uagb-advanced-heading uagb-block-3de9629e\"><h2 class=\"uagb-heading-text\">\u00c0 propos de nous<\/h2><\/div>\n<\/div><\/div>\n\n\n\n<p class=\" translation-block\">La <strong>Commission d'\u00e9valuation de la qualit\u00e9 de l'\u00e9ducation postsecondaire<\/strong> est un organisme de consultation ind\u00e9pendant qui fait des recommandations au ministre des Coll\u00e8ges et Universit\u00e9s de l'Ontario concernant les demandes de consentement du ministre en vertu de la Loi de 2000 favorisant le choix et l'excellence au niveau postsecondaire.<\/p>\n\n\n\n<p>Le consentement du ministre est exig\u00e9 de tous les \u00e9tablissements publics ou priv\u00e9s conf\u00e9rant des grades universitaires, \u00e0 but lucratif ou non lucratif et situ\u00e9s hors de la province, qui d\u00e9sirent offrir un programme d'\u00e9tudes ou une partie de programme d'\u00e9tudes en Ontario. Le consentement est aussi exig\u00e9 de tous les \u00e9tablissements priv\u00e9s de l'Ontario, \u00e0 but lucratif ou non lucratif, et de tous les \u00e9tablissements publics de l'Ontario, qui ne sont pas autoris\u00e9s \u00e0 conf\u00e9rer des grades universitaires en vertu des lois de l'Ontario, mais qui d\u00e9sirent offrir un programme d'\u00e9tudes ou une partie de programme d'\u00e9tudes en Ontario. Le consentement est aussi exig\u00e9 pour pouvoir utiliser le mot \u00ab universit\u00e9 \u00bb afin de d\u00e9signer un \u00e9tablissement d'enseignement en Ontario.<\/p>\n\n\n\n<p class=\" translation-block\">Les demandeurs potentiels d'un consentement doivent consulter les conditions \u00e9tablies dans les R\u00e8glements de la Loi et les Directives, lignes directrices et modalit\u00e9s minist\u00e9rielles r\u00e9gissant la demande de consentement minist\u00e9rielle.<\/p>\n\n\n\n<p>Dans le cadre de son mandat, la Commission d\u00e9termine les crit\u00e8res et les proc\u00e9dures de ses examens, cr\u00e9e des groupes d'experts et des comit\u00e9s consultatifs et entreprend toute recherche pertinente. Les crit\u00e8res et les proc\u00e9dures de la Commission sont compris dans les Manuels pour trois cat\u00e9gories de demandeurs : (a) \u00e9tablissements priv\u00e9s, (b) \u00e9tablissements publics et (c) coll\u00e8ges d'arts appliqu\u00e9s et de technologie de l'Ontario.<\/p>\n\n\n\n<p>De plus, les demandes pour lesquelles le Conseil a \u00e9mis une recommandation il y a plus de deux ans, mais pour lesquelles le ministre n'a pas encore pris de d\u00e9cision, ne sont plus affich\u00e9es ici. Elles seront plut\u00f4t transf\u00e9r\u00e9es \u00e0 la page \u201cSoumissions ant\u00e9rieures.\u201d<\/p>\n\n\n\n<p><\/p>","protected":false},"excerpt":{"rendered":"<p>About Us The Postsecondary Education Quality Assessment Board is an Ontario agency that makes recommendations to the Minister of Colleges, [&hellip;]<\/p>\n","protected":false},"author":1,"featured_media":0,"parent":0,"menu_order":0,"comment_status":"closed","ping_status":"closed","template":"","meta":{"_uag_custom_page_level_css":"","site-sidebar-layout":"default","site-content-layout":"","ast-site-content-layout":"normal-width-container","site-content-style":"default","site-sidebar-style":"default","ast-global-header-display":"","ast-banner-title-visibility":"","ast-main-header-display":"","ast-hfb-above-header-display":"","ast-hfb-below-header-display":"","ast-hfb-mobile-header-display":"","site-post-title":"disabled","ast-breadcrumbs-content":"","ast-featured-img":"","footer-sml-layout":"","ast-disable-related-posts":"","theme-transparent-header-meta":"","adv-header-id-meta":"","stick-header-meta":"","header-above-stick-meta":"","header-main-stick-meta":"","header-below-stick-meta":"","astra-migrate-meta-layouts":"set","ast-page-background-enabled":"default","ast-page-background-meta":{"desktop":{"background-color":"var(--ast-global-color-4)","background-image":"","background-repeat":"repeat","background-position":"center center","background-size":"auto","background-attachment":"scroll","background-type":"","background-media":"","overlay-type":"","overlay-color":"","overlay-opacity":"","overlay-gradient":""},"tablet":{"background-color":"","background-image":"","background-repeat":"repeat","background-position":"center center","background-size":"auto","background-attachment":"scroll","background-type":"","background-media":"","overlay-type":"","overlay-color":"","overlay-opacity":"","overlay-gradient":""},"mobile":{"background-color":"","background-image":"","background-repeat":"repeat","background-position":"center center","background-size":"auto","background-attachment":"scroll","background-type":"","background-media":"","overlay-type":"","overlay-color":"","overlay-opacity":"","overlay-gradient":""}},"ast-content-background-meta":{"desktop":{"background-color":"var(--ast-global-color-5)","background-image":"","background-repeat":"repeat","background-position":"center center","background-size":"auto","background-attachment":"scroll","background-type":"","background-media":"","overlay-type":"","overlay-color":"","overlay-opacity":"","overlay-gradient":""},"tablet":{"background-color":"var(--ast-global-color-5)","background-image":"","background-repeat":"repeat","background-position":"center center","background-size":"auto","background-attachment":"scroll","background-type":"","background-media":"","overlay-type":"","overlay-color":"","overlay-opacity":"","overlay-gradient":""},"mobile":{"background-color":"var(--ast-global-color-5)","background-image":"","background-repeat":"repeat","background-position":"center center","background-size":"auto","background-attachment":"scroll","background-type":"","background-media":"","overlay-type":"","overlay-color":"","overlay-opacity":"","overlay-gradient":""}},"footnotes":""},"class_list":["post-1602","page","type-page","status-publish","hentry"],"uagb_featured_image_src":{"full":false,"thumbnail":false,"medium":false,"medium_large":false,"large":false,"1536x1536":false,"2048x2048":false,"trp-custom-language-flag":false},"uagb_author_info":{"display_name":"PEQABadmin","author_link":"https:\/\/peqab.ca\/fr\/author\/peqabadmin\/"},"uagb_comment_info":0,"uagb_excerpt":"About Us The Postsecondary Education Quality Assessment Board is an Ontario agency that makes recommendations to the Minister of Colleges, [&hellip;]","_links":{"self":[{"href":"https:\/\/peqab.ca\/fr\/wp-json\/wp\/v2\/pages\/1602","targetHints":{"allow":["GET"]}}],"collection":[{"href":"https:\/\/peqab.ca\/fr\/wp-json\/wp\/v2\/pages"}],"about":[{"href":"https:\/\/peqab.ca\/fr\/wp-json\/wp\/v2\/types\/page"}],"author":[{"embeddable":true,"href":"https:\/\/peqab.ca\/fr\/wp-json\/wp\/v2\/users\/1"}],"replies":[{"embeddable":true,"href":"https:\/\/peqab.ca\/fr\/wp-json\/wp\/v2\/comments?post=1602"}],"version-history":[{"count":1,"href":"https:\/\/peqab.ca\/fr\/wp-json\/wp\/v2\/pages\/1602\/revisions"}],"predecessor-version":[{"id":2517,"href":"https:\/\/peqab.ca\/fr\/wp-json\/wp\/v2\/pages\/1602\/revisions\/2517"}],"wp:attachment":[{"href":"https:\/\/peqab.ca\/fr\/wp-json\/wp\/v2\/media?parent=1602"}],"curies":[{"name":"wp","href":"https:\/\/api.w.org\/{rel}","templated":true}]}}