{"id":1881,"date":"2025-03-13T21:37:18","date_gmt":"2025-03-13T21:37:18","guid":{"rendered":"http:\/\/nh0.18b.myftpupload.com\/?page_id=1881"},"modified":"2025-12-11T13:52:39","modified_gmt":"2025-12-11T18:52:39","slug":"board-meeting-dates","status":"publish","type":"page","link":"https:\/\/peqab.ca\/fr\/board-meeting-dates\/","title":{"rendered":"Dates des r\u00e9unions de la Commission"},"content":{"rendered":"<div class=\"wp-block-uagb-container uagb-block-c61f8af5 alignfull uagb-is-root-container\"><div class=\"uagb-container-inner-blocks-wrap\">\n<div class=\"wp-block-uagb-advanced-heading uagb-block-a8bb688c\"><h2 class=\"uagb-heading-text\">Dates des r\u00e9unions de 2026<\/h2><\/div>\n<\/div><\/div>\n\n\n\n<p>Le Conseil a d\u00e9cid\u00e9 de se r\u00e9unir le quatri\u00e8me mardi de chaque mois en 2026, \u00e0 quelques exceptions pr\u00e8s. En cons\u00e9quence, son calendrier des r\u00e9unions pour 2026 est le suivant:<\/p>\n\n\n\n<ul class=\"wp-block-list\">\n<li>27 janvier<\/li>\n\n\n\n<li>24 f\u00e9vrier<\/li>\n\n\n\n<li>24 mars<\/li>\n\n\n\n<li>28 avril<\/li>\n\n\n\n<li>26 mai<\/li>\n\n\n\n<li>23 juin<\/li>\n\n\n\n<li>28 juillet<\/li>\n\n\n\n<li>22 septembre<\/li>\n\n\n\n<li>27 octobre<\/li>\n\n\n\n<li>24 novembre<\/li>\n\n\n\n<li>15 d\u00e9cembre<\/li>\n<\/ul>\n\n\n\n<p>Une semaine avant la r\u00e9union, la Commission fait parvenir \u00e0 ses membres le mat\u00e9riel d'accompagnement de la rencontre afin de lui donner le temps de le passer en revue. Les auteurs de demande sont inform\u00e9s de la n\u00e9cessit\u00e9 de faire parvenir leur documentation compl\u00e8te et \u00e0 jour au Secr\u00e9tariat bien avant cette date afin de s'assurer qu'elle soit incluse \u00e0 l'ordre du jour. Le Secr\u00e9tariat a pour pratique d'aviser les auteurs de demande que leur demande a \u00e9t\u00e9 examin\u00e9e.<\/p>\n\n\n\n<p>Veuillez prendre note que la CEQEP ne fait pas part des recommandations qu'elle formule au ministre avant que celui-ci annonce sa d\u00e9cision \u00e0 propos de la demande. Une fois que le ministre a communiqu\u00e9 sa d\u00e9cision \u00e0 l'auteur de la demande, la recommandation et la d\u00e9cision du ministre sont affich\u00e9es sur le site Web de la CEQEP.<\/p>\n\n\n\n<p><\/p>","protected":false},"excerpt":{"rendered":"<p>Regular Board Meeting Dates The Board has established that it will meet on the fourth Tuesday of every month in [&hellip;]<\/p>\n","protected":false},"author":1,"featured_media":0,"parent":0,"menu_order":0,"comment_status":"closed","ping_status":"closed","template":"","meta":{"_uag_custom_page_level_css":"","site-sidebar-layout":"default","site-content-layout":"","ast-site-content-layout":"default","site-content-style":"default","site-sidebar-style":"default","ast-global-header-display":"","ast-banner-title-visibility":"","ast-main-header-display":"","ast-hfb-above-header-display":"","ast-hfb-below-header-display":"","ast-hfb-mobile-header-display":"","site-post-title":"disabled","ast-breadcrumbs-content":"","ast-featured-img":"","footer-sml-layout":"","ast-disable-related-posts":"","theme-transparent-header-meta":"","adv-header-id-meta":"","stick-header-meta":"","header-above-stick-meta":"","header-main-stick-meta":"","header-below-stick-meta":"","astra-migrate-meta-layouts":"set","ast-page-background-enabled":"default","ast-page-background-meta":{"desktop":{"background-color":"var(--ast-global-color-4)","background-image":"","background-repeat":"repeat","background-position":"center center","background-size":"auto","background-attachment":"scroll","background-type":"","background-media":"","overlay-type":"","overlay-color":"","overlay-opacity":"","overlay-gradient":""},"tablet":{"background-color":"","background-image":"","background-repeat":"repeat","background-position":"center center","background-size":"auto","background-attachment":"scroll","background-type":"","background-media":"","overlay-type":"","overlay-color":"","overlay-opacity":"","overlay-gradient":""},"mobile":{"background-color":"","background-image":"","background-repeat":"repeat","background-position":"center center","background-size":"auto","background-attachment":"scroll","background-type":"","background-media":"","overlay-type":"","overlay-color":"","overlay-opacity":"","overlay-gradient":""}},"ast-content-background-meta":{"desktop":{"background-color":"var(--ast-global-color-5)","background-image":"","background-repeat":"repeat","background-position":"center center","background-size":"auto","background-attachment":"scroll","background-type":"","background-media":"","overlay-type":"","overlay-color":"","overlay-opacity":"","overlay-gradient":""},"tablet":{"background-color":"var(--ast-global-color-5)","background-image":"","background-repeat":"repeat","background-position":"center center","background-size":"auto","background-attachment":"scroll","background-type":"","background-media":"","overlay-type":"","overlay-color":"","overlay-opacity":"","overlay-gradient":""},"mobile":{"background-color":"var(--ast-global-color-5)","background-image":"","background-repeat":"repeat","background-position":"center center","background-size":"auto","background-attachment":"scroll","background-type":"","background-media":"","overlay-type":"","overlay-color":"","overlay-opacity":"","overlay-gradient":""}},"footnotes":""},"class_list":["post-1881","page","type-page","status-publish","hentry"],"uagb_featured_image_src":{"full":false,"thumbnail":false,"medium":false,"medium_large":false,"large":false,"1536x1536":false,"2048x2048":false,"trp-custom-language-flag":false},"uagb_author_info":{"display_name":"PEQABadmin","author_link":"https:\/\/peqab.ca\/fr\/author\/peqabadmin\/"},"uagb_comment_info":0,"uagb_excerpt":"Regular Board Meeting Dates The Board has established that it will meet on the fourth Tuesday of every month in [&hellip;]","_links":{"self":[{"href":"https:\/\/peqab.ca\/fr\/wp-json\/wp\/v2\/pages\/1881","targetHints":{"allow":["GET"]}}],"collection":[{"href":"https:\/\/peqab.ca\/fr\/wp-json\/wp\/v2\/pages"}],"about":[{"href":"https:\/\/peqab.ca\/fr\/wp-json\/wp\/v2\/types\/page"}],"author":[{"embeddable":true,"href":"https:\/\/peqab.ca\/fr\/wp-json\/wp\/v2\/users\/1"}],"replies":[{"embeddable":true,"href":"https:\/\/peqab.ca\/fr\/wp-json\/wp\/v2\/comments?post=1881"}],"version-history":[{"count":2,"href":"https:\/\/peqab.ca\/fr\/wp-json\/wp\/v2\/pages\/1881\/revisions"}],"predecessor-version":[{"id":2598,"href":"https:\/\/peqab.ca\/fr\/wp-json\/wp\/v2\/pages\/1881\/revisions\/2598"}],"wp:attachment":[{"href":"https:\/\/peqab.ca\/fr\/wp-json\/wp\/v2\/media?parent=1881"}],"curies":[{"name":"wp","href":"https:\/\/api.w.org\/{rel}","templated":true}]}}