{"id":1889,"date":"2025-03-13T22:19:34","date_gmt":"2025-03-13T22:19:34","guid":{"rendered":"http:\/\/nh0.18b.myftpupload.com\/?page_id=1889"},"modified":"2025-12-10T09:31:34","modified_gmt":"2025-12-10T14:31:34","slug":"secretariat","status":"publish","type":"page","link":"https:\/\/peqab.ca\/fr\/secretariat\/","title":{"rendered":"Le Secr\u00e9tariat"},"content":{"rendered":"<div class=\"wp-block-uagb-container uagb-block-c61f8af5 alignfull uagb-is-root-container\"><div class=\"uagb-container-inner-blocks-wrap\">\n<div class=\"wp-block-uagb-advanced-heading uagb-block-a8bb688c\"><h2 class=\"uagb-heading-text\">Le Secr\u00e9tariat<\/h2><\/div>\n<\/div><\/div>\n\n\n\n<p>Le Secr\u00e9tariat offre le soutien administratif \u00e0 la Commission d'\u00e9valuation de la qualit\u00e9 de l'\u00e9ducation postsecondaire. Parmi les responsabilit\u00e9s qui lui incombent, le secr\u00e9tariat s'occupe de la recherche et r\u00e9dige les \u00e9bauches des politiques et proc\u00e9dures de la Commission.<\/p>\n\n\n\n<p>Chaque demande en vue d'obtenir le consentement du ministre est g\u00e9r\u00e9e par un conseiller principal en mati\u00e8re de politique charg\u00e9 d'aider le demandeur \u00e0 comprendre les crit\u00e8res et les proc\u00e9dures de la Commission et de coordonner les relations de la Commission avec les repr\u00e9sentants du minist\u00e8re, les organismes de r\u00e9glementation et les experts \u00e9valuateurs dans le but de faciliter l'examen d\u00e9taill\u00e9 des demandes.<\/p>\n\n\n\n<div class=\"wp-block-uagb-container uagb-layout-flex uagb-block-nitlp1zc alignfull uagb-is-root-container\"><div class=\"uagb-container-inner-blocks-wrap\">\n<div class=\"wp-block-uagb-container uagb-block-a64ab92d\">\n<div class=\"wp-block-uagb-image aligncenter uagb-block-e850279f wp-block-uagb-image--layout-default wp-block-uagb-image--effect-static wp-block-uagb-image--align-center alignleft\"><figure class=\"wp-block-uagb-image__figure\"><img decoding=\"async\" srcset=\"https:\/\/peqab.ca\/wp-content\/uploads\/James-Brown.jpg ,https:\/\/peqab.ca\/wp-content\/uploads\/James-Brown.jpg 780w, https:\/\/peqab.ca\/wp-content\/uploads\/James-Brown.jpg 360w\" sizes=\"auto, (max-width: 480px) 150px\" src=\"https:\/\/peqab.ca\/wp-content\/uploads\/James-Brown.jpg\" alt=\"James Brown\" class=\"uag-image-1909\" width=\"300\" height=\"300\" title=\"James Brown\" loading=\"lazy\" role=\"img\"\/><\/figure><\/div>\n\n\n\n<div class=\"wp-block-uagb-info-box uagb-block-18ab2d6b uagb-infobox__content-wrap  uagb-infobox-icon-above-title uagb-infobox-image-valign-top wp-block-uagb-info-box--has-margin\"><div class=\"uagb-infobox-margin-wrapper\"><div class=\"uagb-ifb-content\"><div class=\"uagb-ifb-title-wrap\"><p class=\"uagb-ifb-title\"><strong>James Brown, PhD<\/strong><br>Directeur g\u00e9n\u00e9ral<br><span class=\"secretariat-members-email\"><a href=\"mailto:James.Brown@ontario.ca\">James.Brown@ontario.ca<\/a><\/span><\/p><\/div><p class=\"uagb-ifb-desc\">James a un doctorat en anglais et a enseign\u00e9 une grande vari\u00e9t\u00e9 de cours \u00e0 l\u2019Universit\u00e9 York allant de la litt\u00e9rature aux sciences humaines, en passant par l\u2019histoire des id\u00e9es et l\u2019\u00e9thique appliqu\u00e9e. Il a aussi occup\u00e9 des postes administratifs, comme celui de directeur adjoint du centre des travaux scientifiques, secr\u00e9taire adjoint du centre de soutien \u00e0 l\u2019enseignement, agent principal des finances et de l\u2019administration et secr\u00e9taire adjoint de l\u2019universit\u00e9. Apr\u00e8s avoir occup\u00e9 un poste administratif \u00e0 l\u2019Universit\u00e9 du Nouveau-Brunswick pendant huit ans, il est retourn\u00e9 \u00e0 Toronto en 2013 o\u00f9 il a accept\u00e9 avec plaisir le poste de chef de la direction et administrateur de la Commission d\u2019\u00e9valuation de la qualit\u00e9 de l\u2019\u00e9ducation postsecondaire (CEQEP).<\/p><\/div><\/div><\/div>\n<\/div>\n\n\n\n<div class=\"wp-block-uagb-container uagb-block-b5e0a424\">\n<div class=\"wp-block-uagb-image aligncenter uagb-block-c9d34271 wp-block-uagb-image--layout-default wp-block-uagb-image--effect-static wp-block-uagb-image--align-center alignleft\"><figure class=\"wp-block-uagb-image__figure\"><img decoding=\"async\" srcset=\"https:\/\/peqab.ca\/wp-content\/uploads\/Jen-Andreae.jpg ,https:\/\/peqab.ca\/wp-content\/uploads\/Jen-Andreae.jpg 780w, https:\/\/peqab.ca\/wp-content\/uploads\/Jen-Andreae.jpg 360w\" sizes=\"auto, (max-width: 480px) 150px\" src=\"https:\/\/peqab.ca\/wp-content\/uploads\/Jen-Andreae.jpg\" alt=\"Jennifer Andreae\" class=\"uag-image-1910\" width=\"300\" height=\"300\" title=\"Jennifer Andreae\" loading=\"lazy\" role=\"img\"\/><\/figure><\/div>\n\n\n\n<div class=\"wp-block-uagb-info-box uagb-block-b36c30dc uagb-infobox__content-wrap  uagb-infobox-icon-above-title uagb-infobox-image-valign-top wp-block-uagb-info-box--has-margin\"><div class=\"uagb-infobox-margin-wrapper\"><div class=\"uagb-ifb-content\"><div class=\"uagb-ifb-title-wrap\"><p class=\"uagb-ifb-title translation-block\"><strong><strong>Jennifer Andreae, MA, MIST<\/strong><\/strong><br>Conseill\u00e8re principale en politique<br><span class=\"secretariat-members-email\"><a href=\"mailto:Jennifer.Andreae@ontario.ca\" target=\"_self\">Jennifer.Andreae@ontario.ca<\/a><\/span><\/p><\/div><p class=\"uagb-ifb-desc\">Jennifer Andreae est titulaire d'une ma\u00eetrise d'histoire, d'un MIST et a effectu\u00e9 des recherches doctorales dans le domaine de l'histoire europ\u00e9enne du d\u00e9but de la modernit\u00e9, le tout \u00e0 l'Universit\u00e9 de Toronto. Elle a enseign\u00e9 pendant 15 ans l'histoire, les sciences humaines et la r\u00e9daction professionnelle \u00e0 l'Universit\u00e9 York, avant de se consacrer au d\u00e9veloppement de programmes d'apprentissage num\u00e9rique pour George Brown College et le minist\u00e8re des services gouvernementaux et des services aux consommateurs. Jennifer a \u00e9galement \u00e9t\u00e9 biblioth\u00e9caire \u00e0 l'Universit\u00e9 Ryerson (Toronto Metropolitan University) et au George Brown College.<\/p><\/div><\/div><\/div>\n<\/div>\n\n\n\n<div class=\"wp-block-uagb-container uagb-block-3f12f86e\">\n<div class=\"wp-block-uagb-image aligncenter uagb-block-99173d9b wp-block-uagb-image--layout-default wp-block-uagb-image--effect-static wp-block-uagb-image--align-center alignleft\"><figure class=\"wp-block-uagb-image__figure\"><img decoding=\"async\" srcset=\"https:\/\/peqab.ca\/wp-content\/uploads\/Blank-head-shot.jpg ,https:\/\/peqab.ca\/wp-content\/uploads\/Blank-head-shot.jpg 780w, https:\/\/peqab.ca\/wp-content\/uploads\/Blank-head-shot.jpg 360w\" sizes=\"auto, (max-width: 480px) 150px\" src=\"https:\/\/peqab.ca\/wp-content\/uploads\/Blank-head-shot.jpg\" alt=\"Blank headshot\" class=\"uag-image-1927\" width=\"300\" height=\"300\" title=\"Blank headshot\" loading=\"lazy\" role=\"img\"\/><\/figure><\/div>\n\n\n\n<div class=\"wp-block-uagb-info-box uagb-block-250d0105 uagb-infobox__content-wrap  uagb-infobox-icon-above-title uagb-infobox-image-valign-top wp-block-uagb-info-box--has-margin\"><div class=\"uagb-infobox-margin-wrapper\"><div class=\"uagb-ifb-content\"><div class=\"uagb-ifb-title-wrap\"><p class=\"uagb-ifb-title\"><strong>Joel Buenting, PhD<\/strong><br>Conseiller principal en politique<br><span class=\"secretariat-members-email\"><a href=\"mailto:Joel.Buenting5@ontario.ca\">Joel.Buenting5@ontario.ca<\/a><\/span><\/p><\/div><p class=\"uagb-ifb-desc\">Joel Buenting est titulaire d'un doctorat en philosophie de l'Universit\u00e9 de l'Alberta et d'une ma\u00eetrise en administration publique de la Queen's School of Policy Studies. Joel a travaill\u00e9 pour de nombreux minist\u00e8res du gouvernement de l'Ontario avant de rejoindre la Commission d'\u00e9valuation de la qualit\u00e9 de l'enseignement postsecondaire en 2015.<\/p><\/div><\/div><\/div>\n<\/div>\n\n\n\n<div class=\"wp-block-uagb-container uagb-block-af150ee0\">\n<div class=\"wp-block-uagb-image aligncenter uagb-block-2fee4c42 wp-block-uagb-image--layout-default wp-block-uagb-image--effect-static wp-block-uagb-image--align-center alignleft\"><figure class=\"wp-block-uagb-image__figure\"><img decoding=\"async\" srcset=\"https:\/\/peqab.ca\/wp-content\/uploads\/Mary-Catharine-Lennon-1.jpg ,https:\/\/peqab.ca\/wp-content\/uploads\/Mary-Catharine-Lennon-1.jpg 780w, https:\/\/peqab.ca\/wp-content\/uploads\/Mary-Catharine-Lennon-1.jpg 360w\" sizes=\"auto, (max-width: 480px) 150px\" src=\"https:\/\/peqab.ca\/wp-content\/uploads\/Mary-Catharine-Lennon-1.jpg\" alt=\"Mary Catharine Lennon\" class=\"uag-image-1918\" width=\"300\" height=\"300\" title=\"Mary Catharine Lennon\" loading=\"lazy\" role=\"img\"\/><\/figure><\/div>\n\n\n\n<div class=\"wp-block-uagb-info-box uagb-block-96ef3db9 uagb-infobox__content-wrap  uagb-infobox-icon-above-title uagb-infobox-image-valign-top wp-block-uagb-info-box--has-margin\"><div class=\"uagb-infobox-margin-wrapper\"><div class=\"uagb-ifb-content\"><div class=\"uagb-ifb-title-wrap\"><p class=\"uagb-ifb-title\"><strong>Mary Catharine Lennon, PhD<\/strong><br>Chef de la recherche, des projets internationaux et sp\u00e9ciaux<br><span class=\"secretariat-members-email\"><a href=\"mailto:MaryCatharine.Lennon@ontario.ca\">MaryCatharine.Lennon@ontario.ca<\/a><\/span><\/p><\/div><p class=\"uagb-ifb-desc\">Titulaire d'un doctorat de l'Universit\u00e9 de Toronto, Mary Catharine Lennon poss\u00e8de une exp\u00e9rience universitaire et professionnelle dans la recherche, le d\u00e9veloppement et le conseil en mati\u00e8re de politique internationale et comparative de l'enseignement sup\u00e9rieur dans des domaines tels que la conception des syst\u00e8mes, la responsabilit\u00e9 et l'assurance qualit\u00e9, l'\u00e9valuation et les r\u00e9sultats de l'apprentissage. Elle a travaill\u00e9 avec des agences \u00e9ducatives institutionnelles, provinciales, interprovinciales et internationales, notamment le Conseil des ministres de l'\u00e9ducation du Canada et l'Association des universit\u00e9s du Commonwealth. Dr. Lennon est actuellement associ\u00e9e de recherche au Centre for Canadian and International Higher Education de l'Ontario \u00e0 Institute for Studies in Education de l'Universit\u00e9 de Toronto (OISE) et est membre du conseil d'administration du R\u00e9seau international des agences d'assurance qualit\u00e9 dans l'enseignement sup\u00e9rieur (INQAAHE).<\/p><\/div><\/div><\/div>\n<\/div>\n\n\n\n<div class=\"wp-block-uagb-container uagb-block-eb6f82b9\">\n<div class=\"wp-block-uagb-image aligncenter uagb-block-fb318a58 wp-block-uagb-image--layout-default wp-block-uagb-image--effect-static wp-block-uagb-image--align-center alignleft\"><figure class=\"wp-block-uagb-image__figure\"><img decoding=\"async\" srcset=\"https:\/\/peqab.ca\/wp-content\/uploads\/image-1.jpeg ,https:\/\/peqab.ca\/wp-content\/uploads\/image-1.jpeg 780w, https:\/\/peqab.ca\/wp-content\/uploads\/image-1.jpeg 360w\" sizes=\"auto, (max-width: 480px) 150px\" src=\"https:\/\/peqab.ca\/wp-content\/uploads\/image-1.jpeg\" alt=\"\" class=\"uag-image-2552\" width=\"300\" height=\"300\" title=\"image\" loading=\"lazy\" role=\"img\"\/><\/figure><\/div>\n\n\n\n<div class=\"wp-block-uagb-info-box uagb-block-81dd4969 uagb-infobox__content-wrap  uagb-infobox-icon-above-title uagb-infobox-image-valign-top wp-block-uagb-info-box--has-margin\"><div class=\"uagb-infobox-margin-wrapper\"><div class=\"uagb-ifb-content\"><div class=\"uagb-ifb-title-wrap\"><p class=\"uagb-ifb-title\"><strong>Marc Rodrigues, CPA<\/strong><br>Conseiller principal en politique<\/p><\/div><p class=\"uagb-ifb-desc\"><a href=\"mailto:Marc.Rodrigues@ontario.ca\">Marc.Rodrigues@ontario.ca<\/a><br>Marc Rodrigues est titulaire d'un baccalaur\u00e9at sp\u00e9cialis\u00e9 en biologie humaine et en psychologie de l'Universit\u00e9 de Toronto. Il d\u00e9tient \u00e9galement le titre de comptable professionnel agr\u00e9\u00e9 (CPA) d\u00e9cern\u00e9 par CPA Ontario. Marc s'est joint au minist\u00e8re des Coll\u00e8ges et universit\u00e9s, de l'Excellence en recherche et S\u00e9curit\u00e9 en 2014, puis au Conseil d'\u00e9valuation de la qualit\u00e9 de l'\u00e9ducation postsecondaire (CEQEP) en 2025. Marc a beaucoup travaill\u00e9 sur des dossiers li\u00e9s \u00e0 la politique de l'enseignement postsecondaire, allant des activit\u00e9s de conformit\u00e9 et d'application de la loi pour les \u00e9tablissements d'enseignement postsecondaire priv\u00e9s \u00e0 l'administration du financement des programmes de subventions de fonctionnement et \u00e0 des fins sp\u00e9ciales pour les coll\u00e8ges et universit\u00e9s publics de l'Ontario.<\/p><\/div><\/div><\/div>\n<\/div>\n\n\n\n<div class=\"wp-block-uagb-container uagb-block-45912c53\">\n<div class=\"wp-block-uagb-image aligncenter uagb-block-3804fac7 wp-block-uagb-image--layout-default wp-block-uagb-image--effect-static wp-block-uagb-image--align-center alignleft\"><figure class=\"wp-block-uagb-image__figure\"><img decoding=\"async\" srcset=\"https:\/\/peqab.ca\/wp-content\/uploads\/Zuzana-Wilcox.jpg ,https:\/\/peqab.ca\/wp-content\/uploads\/Zuzana-Wilcox.jpg 780w, https:\/\/peqab.ca\/wp-content\/uploads\/Zuzana-Wilcox.jpg 360w\" sizes=\"auto, (max-width: 480px) 150px\" src=\"https:\/\/peqab.ca\/wp-content\/uploads\/Zuzana-Wilcox.jpg\" alt=\"Zuzana Wilcox\" class=\"uag-image-1912\" width=\"300\" height=\"300\" title=\"Zuzana Wilcox\" loading=\"lazy\" role=\"img\"\/><\/figure><\/div>\n\n\n\n<div class=\"wp-block-uagb-info-box uagb-block-5d831aef uagb-infobox__content-wrap  uagb-infobox-icon-above-title uagb-infobox-image-valign-top wp-block-uagb-info-box--has-margin\"><div class=\"uagb-infobox-margin-wrapper\"><div class=\"uagb-ifb-content\"><div class=\"uagb-ifb-title-wrap\"><p class=\"uagb-ifb-title translation-block\"><strong>Zuzana Wilcox, PhD<\/strong><br>Conseill\u00e8re principale en politique bilingue<br><span class=\"secretariat-members-email\"><a href=\"mailto:Zuzana.Wilcox@ontario.ca\" target=\"_self\">Zuzana.Wilcox@ontario.ca<\/a><\/span><\/p><\/div><p class=\"uagb-ifb-desc\">Dr. Wilcox est titulaire d'un doctorat en histoire europ\u00e9enne de l'universit\u00e9 McMaster, apr\u00e8s avoir effectu\u00e9 ses \u00e9tudes de premier cycle \u00e0 l'Universit\u00e9 de Calgary. Elle poss\u00e8de une mineure en fran\u00e7ais et a eu l'occasion d'\u00e9tudier et de travailler en France et au Qu\u00e9bec. Elle a \u00e9galement obtenu un certificat de fin d'\u00e9tudes dans le domaine des \"Principes et pratiques de l'enseignement universitaire\" (McMaster). Zuzana s'est jointe au minist\u00e8re des Coll\u00e8ges et Universit\u00e9s en 2014 et \u00e0 la Commission d'\u00e9valuation de la qualit\u00e9 de l'\u00e9ducation postsecondaire (CEQEP) en 2022. Avant de poursuivre sa carri\u00e8re dans le domaine des politiques d'\u00e9ducation postsecondaire et de l'assurance qualit\u00e9, elle a enseign\u00e9 divers cours d'histoire, d'histoire de l'art et de lettres classiques, a travaill\u00e9 comme \u00e9ducatrice dans plusieurs organisations culturelles au Canada et en Europe, et a fait du b\u00e9n\u00e9volat pour l'Entraide universitaire mondiale du Canada. Zuzana parle anglais, fran\u00e7ais et tch\u00e8que.<\/p><\/div><\/div><\/div>\n<\/div>\n<\/div><\/div>","protected":false},"excerpt":{"rendered":"<p>The Secretariat The Secretariat provides support to the Postsecondary Education Quality Assessment Board. Among other responsibilities, the Secretariat undertakes research [&hellip;]<\/p>\n","protected":false},"author":1,"featured_media":0,"parent":0,"menu_order":0,"comment_status":"closed","ping_status":"closed","template":"","meta":{"_uag_custom_page_level_css":"","site-sidebar-layout":"default","site-content-layout":"","ast-site-content-layout":"default","site-content-style":"default","site-sidebar-style":"default","ast-global-header-display":"","ast-banner-title-visibility":"","ast-main-header-display":"","ast-hfb-above-header-display":"","ast-hfb-below-header-display":"","ast-hfb-mobile-header-display":"","site-post-title":"disabled","ast-breadcrumbs-content":"","ast-featured-img":"","footer-sml-layout":"","ast-disable-related-posts":"","theme-transparent-header-meta":"","adv-header-id-meta":"","stick-header-meta":"","header-above-stick-meta":"","header-main-stick-meta":"","header-below-stick-meta":"","astra-migrate-meta-layouts":"set","ast-page-background-enabled":"default","ast-page-background-meta":{"desktop":{"background-color":"var(--ast-global-color-4)","background-image":"","background-repeat":"repeat","background-position":"center center","background-size":"auto","background-attachment":"scroll","background-type":"","background-media":"","overlay-type":"","overlay-color":"","overlay-opacity":"","overlay-gradient":""},"tablet":{"background-color":"","background-image":"","background-repeat":"repeat","background-position":"center center","background-size":"auto","background-attachment":"scroll","background-type":"","background-media":"","overlay-type":"","overlay-color":"","overlay-opacity":"","overlay-gradient":""},"mobile":{"background-color":"","background-image":"","background-repeat":"repeat","background-position":"center center","background-size":"auto","background-attachment":"scroll","background-type":"","background-media":"","overlay-type":"","overlay-color":"","overlay-opacity":"","overlay-gradient":""}},"ast-content-background-meta":{"desktop":{"background-color":"var(--ast-global-color-5)","background-image":"","background-repeat":"repeat","background-position":"center center","background-size":"auto","background-attachment":"scroll","background-type":"","background-media":"","overlay-type":"","overlay-color":"","overlay-opacity":"","overlay-gradient":""},"tablet":{"background-color":"var(--ast-global-color-5)","background-image":"","background-repeat":"repeat","background-position":"center center","background-size":"auto","background-attachment":"scroll","background-type":"","background-media":"","overlay-type":"","overlay-color":"","overlay-opacity":"","overlay-gradient":""},"mobile":{"background-color":"var(--ast-global-color-5)","background-image":"","background-repeat":"repeat","background-position":"center center","background-size":"auto","background-attachment":"scroll","background-type":"","background-media":"","overlay-type":"","overlay-color":"","overlay-opacity":"","overlay-gradient":""}},"footnotes":""},"class_list":["post-1889","page","type-page","status-publish","hentry"],"uagb_featured_image_src":{"full":false,"thumbnail":false,"medium":false,"medium_large":false,"large":false,"1536x1536":false,"2048x2048":false,"trp-custom-language-flag":false},"uagb_author_info":{"display_name":"PEQABadmin","author_link":"https:\/\/peqab.ca\/fr\/author\/peqabadmin\/"},"uagb_comment_info":0,"uagb_excerpt":"The Secretariat The Secretariat provides support to the Postsecondary Education Quality Assessment Board. Among other responsibilities, the Secretariat undertakes research [&hellip;]","_links":{"self":[{"href":"https:\/\/peqab.ca\/fr\/wp-json\/wp\/v2\/pages\/1889","targetHints":{"allow":["GET"]}}],"collection":[{"href":"https:\/\/peqab.ca\/fr\/wp-json\/wp\/v2\/pages"}],"about":[{"href":"https:\/\/peqab.ca\/fr\/wp-json\/wp\/v2\/types\/page"}],"author":[{"embeddable":true,"href":"https:\/\/peqab.ca\/fr\/wp-json\/wp\/v2\/users\/1"}],"replies":[{"embeddable":true,"href":"https:\/\/peqab.ca\/fr\/wp-json\/wp\/v2\/comments?post=1889"}],"version-history":[{"count":16,"href":"https:\/\/peqab.ca\/fr\/wp-json\/wp\/v2\/pages\/1889\/revisions"}],"predecessor-version":[{"id":2562,"href":"https:\/\/peqab.ca\/fr\/wp-json\/wp\/v2\/pages\/1889\/revisions\/2562"}],"wp:attachment":[{"href":"https:\/\/peqab.ca\/fr\/wp-json\/wp\/v2\/media?parent=1889"}],"curies":[{"name":"wp","href":"https:\/\/api.w.org\/{rel}","templated":true}]}}