{"id":2007,"date":"2025-03-19T17:52:43","date_gmt":"2025-03-19T21:52:43","guid":{"rendered":"https:\/\/peqab.ca\/?page_id=2007"},"modified":"2025-04-12T12:45:21","modified_gmt":"2025-04-12T16:45:21","slug":"legislation","status":"publish","type":"page","link":"https:\/\/peqab.ca\/fr\/legislation\/","title":{"rendered":"Loi"},"content":{"rendered":"<div class=\"wp-block-uagb-container uagb-block-c61f8af5 alignfull uagb-is-root-container\"><div class=\"uagb-container-inner-blocks-wrap\">\n<div class=\"wp-block-uagb-advanced-heading uagb-block-a8bb688c\"><h2 class=\"uagb-heading-text\">Loi<\/h2><\/div>\n<\/div><\/div>\n\n\n\n<p class=\" translation-block\">La <a href=\"http:\/\/www.e-laws.gov.on.ca\/html\/statutes\/english\/elaws_statutes_00p36_e.htm\" target=\"_blank\" rel=\"noreferrer noopener\"><em>Loi de 2000 favorisant le choix et l'excellence au niveau postsecondaire<\/em><\/a>, (PSECE Act), exige que tous les \u00e9tablissements qui offrent des programmes ou des parties de programmes menant \u00e0 l'obtention de grades universitaires ou qui d\u00e9sirent assurer le fonctionnement d'une universit\u00e9 obtiennent soit le consentement de la ministre des Colleges et Universites, soit le consentement en vertu d'une loi de l'Assembl\u00e9e l\u00e9gislative de l'Ontario. La Loi \u00e9nonce \u00e9galement la composition et les pouvoirs de la Commission d'\u00e9valuation de la qualit\u00e9 de l'\u00e9ducation postsecondaire (CEQEP).<\/p>\n\n\n\n<p class=\" translation-block\">Les R\u00e8glements (<a href=\"http:\/\/www.e-laws.gov.on.ca\/html\/regs\/english\/elaws_regs_020279_e.htm\" target=\"_blank\" rel=\"noreferrer noopener\">279\/02<\/a>, 280\/02, 281\/02) \u00e9tablis en vertu de la Loi font la distinction entre les demandeurs publics et prive\u00e9s, traitent de la protection financi\u00e8re des droits de scolarit\u00e9 (y compris des garanties financi\u00e8res et des comptes en fiducie), de la protection des relev\u00e9s de notes (conservation pendant 75 ans, production d'une copie de secours dans des installations ind\u00e9pendantes), de la proc\u00e9dure de traitement des r\u00e9clamations relatives \u00e0 la garantie financi\u00e8re, des proc\u00e9dures inh\u00e9rentes aux d\u00e9cisions minist\u00e9rielles, des ordonnances et des appels relatifs aux modifications\u00e8des cons\u00e9ntements, des suspensions, des r\u00e9vocations, des annulations, des r\u00e9tablissements, etc.<\/p>\n\n\n\n<p class=\" translation-block\">La Loi a \u00e9t\u00e9modifi\u00e9e en juin 2010, et des modifications r\u00e9glementaires sont entr\u00e9es en vigueur le 1er janvier 2012. Le R\u00e8glement (<a href=\"http:\/\/www.e-laws.gov.on.ca\/html\/source\/regs\/english\/2011\/elaws_src_regs_r11391_e.htm\" target=\"_blank\" rel=\"noreferrer noopener\">391\/11<\/a>\u00a0pris en application de la Loi modifie le Regrave;glement 279\/02. Le R\u00e8glement (<a href=\"http:\/\/www.e-laws.gov.on.ca\/html\/source\/regs\/english\/2011\/elaws_src_regs_r11392_e.htm\" target=\"_blank\" rel=\"noreferrer noopener\">392\/11<\/a>\u00a0abroge les Regrave; glements 280\/02 et 281\/02. Avant l'entr\u00e9e en vigueur de ces modifications r\u00e9glementaires, le ministre \u00e9tait tenu de renvoyer toutes les demandes de consentement \u00e0 la CEQEP afin que celle-ci les examine et fasse une recommandation.<\/p>\n\n\n\n<p>Les modifications apport\u00e9es \u00e0 la Loi ont notamment pour effet d'\u00e9largir les pouvoirs du ministre pour lui permettre de renvoyer les demandes de consentement soit \u00e0 la CEQEP, soit \u00e0 un autre organisme ou une autre autorit\u00e9 d'agr\u00e9ment ou d'assurance de la qualit\u00e9, conform\u00e9ment aux r\u00e8glements, s'il y en a; de rejeter une demande de consentement sans renvoi \u00e0 la CEQEP dans les circonstances prescrites ou conform\u00e9ment aux crit\u00e8res prescrits; d'estimer qu'un examen ant\u00e9rieur d'assurance de la qualit\u00e9 est r&amp;eacu\u00e9acute; un renvoi \u00e0 un organisme ou \u00e0 une autorit\u00e9 d'agr\u00e9ment, et d'estimer que l'approbation de l'organisme ou de l'autoreit\u00e9 est r\u00e9put\u00e9e une recommandation au ministre.<\/p>\n\n\n\n<p class=\" translation-block\">La <a href=\"..\/..\/wp-content\/uploads\/_docs\/Publications\/GuidelinesDirMay2015ENup.pdf\" target=\"_blank\" rel=\"noreferrer noopener\">Directives, lignes directrices et modalit\u00e9s minist\u00e9rielles r\u00e9gissant la demande de consentement minist\u00e9riel<\/a>\u00a0indiquent plus en d\u00e9tail les proc\u00e9dures \u00e0 suivre en fonction des R\u00e8glements, les conditions g\u00e9n\u00e9rales relatives au consentement de la ministre et incluent le formulaire d'attestation. On y retrouve \u00e9galement le passage suivant qui indique la d\u00e9marche de la ministre lorsqu'elle re\u00e7oit et tient compte d'une recommandation du conseil : \u00ab La ministre prendra en consid\u00e9ration les crit\u00e8res suivants avant de rendre sa d\u00e9cision sur une demande de consentement : Toute politique g\u00e9n\u00e9rale du gouvernement de l'Ontario ou toute question financi\u00e8re pouvant d\u00e9couler de l'octroi d'un consentement.<\/p>\n\n\n\n<p class=\" translation-block\">.<\/p>","protected":false},"excerpt":{"rendered":"<p>Legislation The&nbsp;Post-secondary Education Choice and Excellence Act, 2000, (PSECE Act), requires organizations wishing to offer programs or parts of a [&hellip;]<\/p>\n","protected":false},"author":1,"featured_media":0,"parent":0,"menu_order":0,"comment_status":"closed","ping_status":"closed","template":"","meta":{"_uag_custom_page_level_css":"","site-sidebar-layout":"default","site-content-layout":"","ast-site-content-layout":"default","site-content-style":"default","site-sidebar-style":"default","ast-global-header-display":"","ast-banner-title-visibility":"","ast-main-header-display":"","ast-hfb-above-header-display":"","ast-hfb-below-header-display":"","ast-hfb-mobile-header-display":"","site-post-title":"disabled","ast-breadcrumbs-content":"","ast-featured-img":"","footer-sml-layout":"","ast-disable-related-posts":"","theme-transparent-header-meta":"","adv-header-id-meta":"","stick-header-meta":"","header-above-stick-meta":"","header-main-stick-meta":"","header-below-stick-meta":"","astra-migrate-meta-layouts":"set","ast-page-background-enabled":"default","ast-page-background-meta":{"desktop":{"background-color":"var(--ast-global-color-4)","background-image":"","background-repeat":"repeat","background-position":"center center","background-size":"auto","background-attachment":"scroll","background-type":"","background-media":"","overlay-type":"","overlay-color":"","overlay-opacity":"","overlay-gradient":""},"tablet":{"background-color":"","background-image":"","background-repeat":"repeat","background-position":"center center","background-size":"auto","background-attachment":"scroll","background-type":"","background-media":"","overlay-type":"","overlay-color":"","overlay-opacity":"","overlay-gradient":""},"mobile":{"background-color":"","background-image":"","background-repeat":"repeat","background-position":"center center","background-size":"auto","background-attachment":"scroll","background-type":"","background-media":"","overlay-type":"","overlay-color":"","overlay-opacity":"","overlay-gradient":""}},"ast-content-background-meta":{"desktop":{"background-color":"var(--ast-global-color-5)","background-image":"","background-repeat":"repeat","background-position":"center center","background-size":"auto","background-attachment":"scroll","background-type":"","background-media":"","overlay-type":"","overlay-color":"","overlay-opacity":"","overlay-gradient":""},"tablet":{"background-color":"var(--ast-global-color-5)","background-image":"","background-repeat":"repeat","background-position":"center center","background-size":"auto","background-attachment":"scroll","background-type":"","background-media":"","overlay-type":"","overlay-color":"","overlay-opacity":"","overlay-gradient":""},"mobile":{"background-color":"var(--ast-global-color-5)","background-image":"","background-repeat":"repeat","background-position":"center center","background-size":"auto","background-attachment":"scroll","background-type":"","background-media":"","overlay-type":"","overlay-color":"","overlay-opacity":"","overlay-gradient":""}},"footnotes":""},"class_list":["post-2007","page","type-page","status-publish","hentry"],"uagb_featured_image_src":{"full":false,"thumbnail":false,"medium":false,"medium_large":false,"large":false,"1536x1536":false,"2048x2048":false,"trp-custom-language-flag":false},"uagb_author_info":{"display_name":"PEQABadmin","author_link":"https:\/\/peqab.ca\/fr\/author\/peqabadmin\/"},"uagb_comment_info":0,"uagb_excerpt":"Legislation The&nbsp;Post-secondary Education Choice and Excellence Act, 2000, (PSECE Act), requires organizations wishing to offer programs or parts of a [&hellip;]","_links":{"self":[{"href":"https:\/\/peqab.ca\/fr\/wp-json\/wp\/v2\/pages\/2007","targetHints":{"allow":["GET"]}}],"collection":[{"href":"https:\/\/peqab.ca\/fr\/wp-json\/wp\/v2\/pages"}],"about":[{"href":"https:\/\/peqab.ca\/fr\/wp-json\/wp\/v2\/types\/page"}],"author":[{"embeddable":true,"href":"https:\/\/peqab.ca\/fr\/wp-json\/wp\/v2\/users\/1"}],"replies":[{"embeddable":true,"href":"https:\/\/peqab.ca\/fr\/wp-json\/wp\/v2\/comments?post=2007"}],"version-history":[{"count":0,"href":"https:\/\/peqab.ca\/fr\/wp-json\/wp\/v2\/pages\/2007\/revisions"}],"wp:attachment":[{"href":"https:\/\/peqab.ca\/fr\/wp-json\/wp\/v2\/media?parent=2007"}],"curies":[{"name":"wp","href":"https:\/\/api.w.org\/{rel}","templated":true}]}}