{"id":2015,"date":"2025-03-19T18:04:32","date_gmt":"2025-03-19T22:04:32","guid":{"rendered":"https:\/\/peqab.ca\/?page_id=2015"},"modified":"2025-03-19T18:04:33","modified_gmt":"2025-03-19T22:04:33","slug":"organization-reviewers","status":"publish","type":"page","link":"https:\/\/peqab.ca\/fr\/organization-reviewers\/","title":{"rendered":"Examinateurs d\u2019\u00e9tablissement"},"content":{"rendered":"<div class=\"wp-block-uagb-container uagb-block-c61f8af5 alignfull uagb-is-root-container\"><div class=\"uagb-container-inner-blocks-wrap\">\n<div class=\"wp-block-uagb-advanced-heading uagb-block-a8bb688c\"><h2 class=\"uagb-heading-text\">Examinateurs d\u2019\u00e9tablissement<\/h2><\/div>\n<\/div><\/div>\n\n\n\n<p>Les \u00e9tablissements priv\u00e9s qui soumettent une demande font l\u2019objet d\u2019un examen de l\u2019\u00e9tablissement et, en cas de r\u00e9sultat positif, d\u2019examen des programmes vis\u00e9s. Dans le cas des examens de l\u2019\u00e9tablissement, la CEQEP nomme un comit\u00e9 d\u2019examen des \u00e9tablissements charg\u00e9 d\u2019\u00e9valuer la demande \u00e0 la lumi\u00e8re des crit\u00e8res de la CEQEP applicables aux \u00e9tablissements d\u00e9cernant des grades en Ontario.<\/p>\n\n\n\n<h3 class=\"wp-block-heading\">Comit\u00e9 d\u2019examen des \u00e9tablissements<\/h3>\n\n\n\n<p>Le comit\u00e9 d\u2019examen des \u00e9tablissements (CEE) est un comit\u00e9 permanent cr\u00e9\u00e9 par la Commission afin d\u2019\u00e9valuer la capacit\u00e9 et la solidit\u00e9 organisationnelles des demandeurs priv\u00e9s. La Commission choisit les membres du comit\u00e9 d\u2019examen des \u00e9tablissements en tenant compte de diff\u00e9rentes dimensions de la protection des consommateurs et de la qualit\u00e9 organisationnelle, qui incluent sans s\u2019y limiter l\u2019analyse financi\u00e8re, les proc\u00e9dures d\u2019admission, les t\u00e2ches du registraire, les ressources \u00e9ducatives et la gestion de l\u2019enseignement. Le Comit\u00e9 d\u2019examen des \u00e9tablissements pourrait inclure des membres poss\u00e9dant plusieurs des comp\u00e9tences suivantes:<\/p>\n\n\n\n<ul class=\"wp-block-list\">\n<li>une attestation en comptabilit\u00e9 et de l\u2019exp\u00e9rience en gestion financi\u00e8re d\u2019entreprise;<\/li>\n\n\n\n<li>de l\u2019exp\u00e9rience en ce qui a trait aux responsabilit\u00e9s relatives aux admissions et inscriptions, dont la gestion des politiques d\u2019admission et des dossiers scolaires dans un \u00e9tablissement conf\u00e9rant des grades;<\/li>\n\n\n\n<li>de l\u2019exp\u00e9rience en gestion des ressources \u00e9ducatives;<\/li>\n\n\n\n<li>de l\u2019exp\u00e9rience en direction g\u00e9n\u00e9rale dans un \u00e9tablissement conf\u00e9rant des grades;<\/li>\n\n\n\n<li>de l\u2019exp\u00e9rience aupr\u00e8s d\u2019organismes professionnels et d\u2019organismes d\u2019agr\u00e9ment et de r\u00e9glementation dans le domaine des \u00e9tudes sup\u00e9rieures en Ontario, ou ailleurs.<\/li>\n<\/ul>\n\n\n\n<p class=\" translation-block\">[Contenu \u00e0 venir]<\/p>\n\n\n\n<h3 class=\"wp-block-heading\">Comit\u00e9 restreint d\u2019examinateurs d\u2019\u00e9tablissement<\/h3>\n\n\n\n<p>La Commission r\u00e9unit des membres du CEE pour former un comit\u00e9 restreint charg\u00e9 d\u2019examiner chacune des demandes pr\u00e9sent\u00e9es par des \u00e9tablissements priv\u00e9s. Les membres du comit\u00e9 restreint d\u2019examinateurs d\u2019\u00e9tablissement ne doivent avoir aucun conflit d\u2019int\u00e9r\u00eats et doivent \u00eatre reconnus par leurs pairs pour leur vision globale, leur ouverture d\u2019esprit et leur discernement. Le comit\u00e9 restreint d\u2019examinateurs d\u2019\u00e9tablissement compte g\u00e9n\u00e9ralement de un \u00e0 trois membres, selon la nature et la complexit\u00e9 de la demande pr\u00e9sent\u00e9e par l\u2019\u00e9tablissement priv\u00e9.<\/p>","protected":false},"excerpt":{"rendered":"<p>Organization Reviewers Private applicants undergo both an organization review and, should the organization review by positive, a program review. For [&hellip;]<\/p>\n","protected":false},"author":1,"featured_media":0,"parent":0,"menu_order":0,"comment_status":"closed","ping_status":"closed","template":"","meta":{"_uag_custom_page_level_css":"","site-sidebar-layout":"default","site-content-layout":"","ast-site-content-layout":"default","site-content-style":"default","site-sidebar-style":"default","ast-global-header-display":"","ast-banner-title-visibility":"","ast-main-header-display":"","ast-hfb-above-header-display":"","ast-hfb-below-header-display":"","ast-hfb-mobile-header-display":"","site-post-title":"disabled","ast-breadcrumbs-content":"","ast-featured-img":"","footer-sml-layout":"","ast-disable-related-posts":"","theme-transparent-header-meta":"","adv-header-id-meta":"","stick-header-meta":"","header-above-stick-meta":"","header-main-stick-meta":"","header-below-stick-meta":"","astra-migrate-meta-layouts":"set","ast-page-background-enabled":"default","ast-page-background-meta":{"desktop":{"background-color":"var(--ast-global-color-4)","background-image":"","background-repeat":"repeat","background-position":"center center","background-size":"auto","background-attachment":"scroll","background-type":"","background-media":"","overlay-type":"","overlay-color":"","overlay-opacity":"","overlay-gradient":""},"tablet":{"background-color":"","background-image":"","background-repeat":"repeat","background-position":"center center","background-size":"auto","background-attachment":"scroll","background-type":"","background-media":"","overlay-type":"","overlay-color":"","overlay-opacity":"","overlay-gradient":""},"mobile":{"background-color":"","background-image":"","background-repeat":"repeat","background-position":"center center","background-size":"auto","background-attachment":"scroll","background-type":"","background-media":"","overlay-type":"","overlay-color":"","overlay-opacity":"","overlay-gradient":""}},"ast-content-background-meta":{"desktop":{"background-color":"var(--ast-global-color-5)","background-image":"","background-repeat":"repeat","background-position":"center center","background-size":"auto","background-attachment":"scroll","background-type":"","background-media":"","overlay-type":"","overlay-color":"","overlay-opacity":"","overlay-gradient":""},"tablet":{"background-color":"var(--ast-global-color-5)","background-image":"","background-repeat":"repeat","background-position":"center center","background-size":"auto","background-attachment":"scroll","background-type":"","background-media":"","overlay-type":"","overlay-color":"","overlay-opacity":"","overlay-gradient":""},"mobile":{"background-color":"var(--ast-global-color-5)","background-image":"","background-repeat":"repeat","background-position":"center center","background-size":"auto","background-attachment":"scroll","background-type":"","background-media":"","overlay-type":"","overlay-color":"","overlay-opacity":"","overlay-gradient":""}},"footnotes":""},"class_list":["post-2015","page","type-page","status-publish","hentry"],"uagb_featured_image_src":{"full":false,"thumbnail":false,"medium":false,"medium_large":false,"large":false,"1536x1536":false,"2048x2048":false,"trp-custom-language-flag":false},"uagb_author_info":{"display_name":"PEQABadmin","author_link":"https:\/\/peqab.ca\/fr\/author\/peqabadmin\/"},"uagb_comment_info":0,"uagb_excerpt":"Organization Reviewers Private applicants undergo both an organization review and, should the organization review by positive, a program review. For [&hellip;]","_links":{"self":[{"href":"https:\/\/peqab.ca\/fr\/wp-json\/wp\/v2\/pages\/2015","targetHints":{"allow":["GET"]}}],"collection":[{"href":"https:\/\/peqab.ca\/fr\/wp-json\/wp\/v2\/pages"}],"about":[{"href":"https:\/\/peqab.ca\/fr\/wp-json\/wp\/v2\/types\/page"}],"author":[{"embeddable":true,"href":"https:\/\/peqab.ca\/fr\/wp-json\/wp\/v2\/users\/1"}],"replies":[{"embeddable":true,"href":"https:\/\/peqab.ca\/fr\/wp-json\/wp\/v2\/comments?post=2015"}],"version-history":[{"count":0,"href":"https:\/\/peqab.ca\/fr\/wp-json\/wp\/v2\/pages\/2015\/revisions"}],"wp:attachment":[{"href":"https:\/\/peqab.ca\/fr\/wp-json\/wp\/v2\/media?parent=2015"}],"curies":[{"name":"wp","href":"https:\/\/api.w.org\/{rel}","templated":true}]}}