{"id":2118,"date":"2025-03-21T09:46:20","date_gmt":"2025-03-21T13:46:20","guid":{"rendered":"https:\/\/peqab.ca\/?page_id=2118"},"modified":"2026-04-30T15:04:50","modified_gmt":"2026-04-30T19:04:50","slug":"manuals-guidelines","status":"publish","type":"page","link":"https:\/\/peqab.ca\/fr\/manuals-guidelines\/","title":{"rendered":"Manuels et directives"},"content":{"rendered":"<div class=\"wp-block-uagb-container uagb-block-c61f8af5 alignfull uagb-is-root-container\"><div class=\"uagb-container-inner-blocks-wrap\">\n<div class=\"wp-block-uagb-advanced-heading uagb-block-a8bb688c\"><h2 class=\"uagb-heading-text\">Manuels et directives<\/h2><\/div>\n<\/div><\/div>\n\n\n\n<p>Les guides et lignes directrices de la CEQEP seront mis \u00e0 jour en janvier et septembre chaque ann\u00e9. Chaque ann\u00e9e, la Commission rendra publique sur son site Web les versions des ann\u00e9es courantes et pr\u00e9c\u00e9dentes de ses documents, qui auront \u00e9t\u00e9 clairement identifi\u00e9es.<\/p>\n\n\n\n<p>Les auteurs de demande peuvent indiquer, au moment du d\u00e9p\u00f4t d\u2019une demande au minist\u00e8re, s\u2019ils d\u00e9sirent une \u00e9valuation fond\u00e9e sur le mat\u00e9riel de l\u2019ann\u00e9e en cours ou de l\u2019ann\u00e9e pr\u00e9c\u00e9dente. Les auteurs de demande doivent pr\u00e9parer la demande compl\u00e8te en fonction du mat\u00e9riel de l\u2019ann\u00e9e en cours ou de l\u2019ann\u00e9e pr\u00e9c\u00e9dente, mais pas les deux.<\/p>\n\n\n\n<p>Les changements requis pour se conformer \u00e0 la loi et les changements demand\u00e9s par la Commission et entrant imm\u00e9diatement en vigueur seront affich\u00e9s sur le site Web de la CEQEP. Ces changements entreront en vigueur d\u00e8s qu\u2019ils seront affich\u00e9s et serviront \u00e0 l\u2019\u00e9valuation des demandes.<\/p>\n\n\n\n<p><\/p>\n\n\n\n<h3 class=\"wp-block-heading\">\u00c9tablissements publics<\/h3>\n\n\n\n<ul class=\"wp-block-list\">\n<li><a href=\"https:\/\/peqab.ca\/wp-content\/uploads\/_docs\/Publications\/Handbooks%20Guidelines\/MANUAL%20ONTARIO%20COLLEGES%20Applied%20Masters%202026.pdf\" target=\"_blank\" rel=\"noreferrer noopener\">PEQAB Manual for Ontario Colleges: Applied Master&#8217;s Degrees 2026<\/a><\/li>\n\n\n\n<li><a href=\"4 year fr https:\/\/peqab.ca\/wp-content\/uploads\/_docs\/Publications\/HandbooksGuidelines\/Manuellintentiondescollgesgrades4ansfev2026.pdf\" target=\"_blank\" rel=\"noreferrer noopener\">Manuel \u00e0 l\u2019intention des coll\u00e8ges grades 4 ans fev 2026<\/a><\/li>\n\n\n\n<li><a href=\"https:\/\/peqab.ca\/wp-content\/uploads\/_docs\/Publications\/Handbooks%20Guidelines\/Manuel%20%C3%A0%20l%E2%80%99intention%20des%20coll%C3%A8ges%20grades%203%20ans%20fev%202026.pdf\" target=\"_blank\" rel=\"noreferrer noopener\">Manuel \u00e0 l\u2019intention des coll\u00e8ges grades 3 ans fev 2026 <\/a><\/li>\n\n\n\n<li class=\"translation-block\"><a href=\"https:\/\/peqab.ca\/wp-content\/uploads\/_docs\/Publications\/MANUALONTARIOCOLLEGESAppliedMasters2024_FR_August.pdf\" target=\"_blank\" rel=\"noreferrer noopener\"> Manuel \u00e0 l\u2019intention des coll\u00e8ges de l'Ontario: Ma\u00eetrise d\u2019\u00e9tudes appliqu\u00e9es (Ao\u00fbt 2024)<\/a><\/li>\n\n\n\n<li class=\"translation-block\"><a href=\"https:\/\/peqab.ca\/wp-content\/uploads\/_docs\/Publications\/ManuelalintentiondescollegesGradesde4quatreansFRAvril2024update2.pdf\" target=\"_blank\" rel=\"noreferrer noopener\">Manuel \u00e0 l\u2019intention des coll\u00e8ges de l'Ontario: Grades de quatre ans (Avril 2024)<\/a><\/li>\n\n\n\n<li><a href=\"..\/..\/wp-content\/uploads\/_docs\/Publications\/Manuelalintentiondescolleges_Gradesde3troisans_FR_Avril2024update3.pdf\" target=\"_blank\" rel=\"noreferrer noopener\">Manuel \u00e0 l\u2019intention des coll\u00e8ges de l'Ontario: Grades de trois ans (Avril 2024)<\/a><\/li>\n<\/ul>\n\n\n\n\n\n<ul class=\"wp-block-list\">\n<li><a href=\"https:\/\/peqab.ca\/wp-content\/uploads\/_docs\/Publications\/Handbooks%20Guidelines\/Manuel%20%C3%A9tablissements%20priv%C3%A9s%2C%20hors%20province%20et%20autres%202026%20v2.pdf\" data-type=\"link\" data-id=\"https:\/\/peqab.ca\/wp-content\/uploads\/_docs\/Publications\/Manual%20Private-Out-of-Province%20and%20Other%20ALL%20credential%20levels%202026_FINAL%20(2).pdf\" target=\"_blank\" rel=\"noreferrer noopener\">Manuel \u00e9tablissements priv\u00e9s, hors province et autres 2026<\/a><\/li>\n\n\n\n<li><a href=\"..\/..\/wp-content\/uploads\/_docs\/Publications\/MANUAL_PRIVATES%20Out%20of%20Province%20April%202024%20update.pdf\" target=\"_blank\" rel=\"noreferrer noopener\">Manuel \u00e0 l\u2019intention des \u00e9tablissements publics (y compris les coll\u00e8ges de l\u2019Ontario): 2020<\/a><\/li>\n\n\n<\/ul>\n\n\n\n<h3 class=\"wp-block-heading\">Renouvellement acc\u00e9l\u00e9r\u00e9 - tous<\/h3>\n\n\n\n<ul class=\"wp-block-list\">\n<li><a href=\"https:\/\/peqab.ca\/wp-content\/uploads\/_docs\/Publications\/Processus%20de%20renouvellement%20acc%C3%A9l%C3%A9r%C3%A9%202026%20FR.pdf\">Processus de renouvellement acc\u00e9l\u00e9r\u00e9 pour les programmes 2026<\/a><\/li>\n\n\n\n<li><a href=\"..\/..\/wp-content\/uploads\/_docs\/Publications\/ProcessusderenouvellementaccelereFRAvril2024.pdf\" target=\"_blank\" rel=\"noreferrer noopener\">Processus de renouvellement acc\u00e9l\u00e9r\u00e9 (Avril 2024)<\/a><\/li>\n\n\n\n<li><a href=\"..\/..\/wp-content\/uploads\/_docs\/Publications\/Panel%20Guidelines.pdf\" target=\"_blank\" rel=\"noreferrer noopener\">Lignes directrices<\/a><\/li>\n<\/ul>\n\n\n\n<h3 class=\"wp-block-heading\">Directives minist\u00e9riel<\/h3>\n\n\n\n<ul class=\"wp-block-list\">\n<li><a href=\"https:\/\/peqab.ca\/wp-content\/uploads\/_docs\/Publications\/MinistryConsentApplication2025.pdf\" target=\"_blank\" rel=\"noreferrer noopener\">Directives minist\u00e9riel<\/a><\/li>\n\n\n\n<li><a href=\"https:\/\/peqab.ca\/wp-content\/uploads\/_docs\/Publications\/SummaryofApplicationForm_w_AppendicesC_D_2025.pdf\">Summary of Application Form<\/a><\/li>\n<\/ul>\n\n\n\n<h3 class=\"wp-block-heading\">Ressources suppl\u00e9mentaires<\/h3>\n\n\n\n<ul class=\"wp-block-list\">\n<li><a href=\"..\/..\/wp-content\/uploads\/_docs\/Publications\/Manuelpourlexamendecoursdapprofondissement_Fevrier2024_FR.pdf\" target=\"_blank\" rel=\"noreferrer noopener\">Manuel pour l'examen des cours d'approfondissement (f\u00e9vrier 2024)<\/a><\/li>\n\n\n\n<li><a href=\"https:\/\/peqab.ca\/wp-content\/uploads\/_docs\/Publications\/Handbooks%20Guidelines\/FullBreadthCapacityReviewschartforwebAugust2025.pdf\" target=\"_blank\" rel=\"noreferrer noopener\">Examens de la capacit\u00e9 d'offrir les cours d'approfondissement<\/a><\/li>\n\n\n\n<li><a href=\"https:\/\/peqab.ca\/wp-content\/uploads\/_docs\/Publications\/Handbooks%20Guidelines\/Policy%20Reviews%20-%20chart%20for%20web%20April%208%202026.pdf\" target=\"_blank\" rel=\"noreferrer noopener\">Examens des politiques<\/a><\/li>\n\n\n\n<li><a href=\"https:\/\/peqab.ca\/wp-content\/uploads\/_docs\/Publications\/Handbooks%20Guidelines\/Terminal%20Credentials_Web_April%202026.pdf\" target=\"_blank\" rel=\"noreferrer noopener\">Les titres de comp\u00e9tence plus hauts - les pr\u00e9c\u00e9dents<\/a><\/li>\n\n\n\n<li><a href=\"..\/..\/wp-content\/uploads\/_docs\/Publications\/Curriculum%20Vitae%20Release%20jbb.docx\" target=\"_blank\" rel=\"noreferrer noopener\">Notification de la collecte des curricula vitae<\/a><\/li>\n\n\n\n<li><a href=\"..\/..\/wp-content\/uploads\/_docs\/Publications\/Decision%20tree%20for%20Board%20v%2003.pdf\" target=\"_blank\" rel=\"noreferrer noopener\">Diagramme de d\u00e9cisien<\/a><\/li>\n<\/ul>\n\n\n\n<p class=\" translation-block\"><br><em><strong>Nominations d'\u00e9valuateurs<\/strong>: Les <a href=\"..\/nominations\/\" data-type=\"page\" data-id=\"2124\" target=\"_self\">propositions de nomination<\/a>\u00a0d'\u00e9valuateurs experts sont les bienvenues.<\/em><\/p>\n\n\n\n<p><\/p>","protected":false},"excerpt":{"rendered":"<p>Manuals &amp; Guidelines PEQAB&#8217;s Manuals will now be updated in January and September of each year. Each year, the current [&hellip;]<\/p>\n","protected":false},"author":1,"featured_media":0,"parent":0,"menu_order":0,"comment_status":"closed","ping_status":"closed","template":"","meta":{"_uag_custom_page_level_css":"","site-sidebar-layout":"default","site-content-layout":"","ast-site-content-layout":"default","site-content-style":"default","site-sidebar-style":"default","ast-global-header-display":"","ast-banner-title-visibility":"","ast-main-header-display":"","ast-hfb-above-header-display":"","ast-hfb-below-header-display":"","ast-hfb-mobile-header-display":"","site-post-title":"disabled","ast-breadcrumbs-content":"","ast-featured-img":"","footer-sml-layout":"","ast-disable-related-posts":"","theme-transparent-header-meta":"","adv-header-id-meta":"","stick-header-meta":"","header-above-stick-meta":"","header-main-stick-meta":"","header-below-stick-meta":"","astra-migrate-meta-layouts":"set","ast-page-background-enabled":"default","ast-page-background-meta":{"desktop":{"background-color":"var(--ast-global-color-4)","background-image":"","background-repeat":"repeat","background-position":"center center","background-size":"auto","background-attachment":"scroll","background-type":"","background-media":"","overlay-type":"","overlay-color":"","overlay-opacity":"","overlay-gradient":""},"tablet":{"background-color":"","background-image":"","background-repeat":"repeat","background-position":"center center","background-size":"auto","background-attachment":"scroll","background-type":"","background-media":"","overlay-type":"","overlay-color":"","overlay-opacity":"","overlay-gradient":""},"mobile":{"background-color":"","background-image":"","background-repeat":"repeat","background-position":"center center","background-size":"auto","background-attachment":"scroll","background-type":"","background-media":"","overlay-type":"","overlay-color":"","overlay-opacity":"","overlay-gradient":""}},"ast-content-background-meta":{"desktop":{"background-color":"var(--ast-global-color-5)","background-image":"","background-repeat":"repeat","background-position":"center center","background-size":"auto","background-attachment":"scroll","background-type":"","background-media":"","overlay-type":"","overlay-color":"","overlay-opacity":"","overlay-gradient":""},"tablet":{"background-color":"var(--ast-global-color-5)","background-image":"","background-repeat":"repeat","background-position":"center center","background-size":"auto","background-attachment":"scroll","background-type":"","background-media":"","overlay-type":"","overlay-color":"","overlay-opacity":"","overlay-gradient":""},"mobile":{"background-color":"var(--ast-global-color-5)","background-image":"","background-repeat":"repeat","background-position":"center center","background-size":"auto","background-attachment":"scroll","background-type":"","background-media":"","overlay-type":"","overlay-color":"","overlay-opacity":"","overlay-gradient":""}},"footnotes":""},"class_list":["post-2118","page","type-page","status-publish","hentry"],"uagb_featured_image_src":{"full":false,"thumbnail":false,"medium":false,"medium_large":false,"large":false,"1536x1536":false,"2048x2048":false,"trp-custom-language-flag":false},"uagb_author_info":{"display_name":"PEQABadmin","author_link":"https:\/\/peqab.ca\/fr\/author\/peqabadmin\/"},"uagb_comment_info":0,"uagb_excerpt":"Manuals &amp; Guidelines PEQAB&#8217;s Manuals will now be updated in January and September of each year. Each year, the current [&hellip;]","_links":{"self":[{"href":"https:\/\/peqab.ca\/fr\/wp-json\/wp\/v2\/pages\/2118","targetHints":{"allow":["GET"]}}],"collection":[{"href":"https:\/\/peqab.ca\/fr\/wp-json\/wp\/v2\/pages"}],"about":[{"href":"https:\/\/peqab.ca\/fr\/wp-json\/wp\/v2\/types\/page"}],"author":[{"embeddable":true,"href":"https:\/\/peqab.ca\/fr\/wp-json\/wp\/v2\/users\/1"}],"replies":[{"embeddable":true,"href":"https:\/\/peqab.ca\/fr\/wp-json\/wp\/v2\/comments?post=2118"}],"version-history":[{"count":61,"href":"https:\/\/peqab.ca\/fr\/wp-json\/wp\/v2\/pages\/2118\/revisions"}],"predecessor-version":[{"id":2646,"href":"https:\/\/peqab.ca\/fr\/wp-json\/wp\/v2\/pages\/2118\/revisions\/2646"}],"wp:attachment":[{"href":"https:\/\/peqab.ca\/fr\/wp-json\/wp\/v2\/media?parent=2118"}],"curies":[{"name":"wp","href":"https:\/\/api.w.org\/{rel}","templated":true}]}}