{"id":2136,"date":"2025-03-21T10:50:07","date_gmt":"2025-03-21T14:50:07","guid":{"rendered":"https:\/\/peqab.ca\/?page_id=2136"},"modified":"2026-02-27T12:38:04","modified_gmt":"2026-02-27T17:38:04","slug":"annual-reports","status":"publish","type":"page","link":"https:\/\/peqab.ca\/fr\/annual-reports\/","title":{"rendered":"Rapport Annuel"},"content":{"rendered":"<div class=\"wp-block-uagb-container uagb-block-c61f8af5 alignfull uagb-is-root-container\"><div class=\"uagb-container-inner-blocks-wrap\">\n<div class=\"wp-block-uagb-advanced-heading uagb-block-a8bb688c\"><h2 class=\"uagb-heading-text\">Rapport Annuel<\/h2><\/div>\n<\/div><\/div>\n\n\n\n<p>La Commission publie tous les ans un rapport qui fournit des renseignements sur son fonctionnement et donne un aper\u00e7u de ses activit\u00e9s durant l'ann\u00e9e et cours et depuis sa cr\u00e9ation. Le rapport annuel offre l'occasion de transmettre les r\u00e9sultats des sondages aupr\u00e8s des personnes int\u00e9ress\u00e9es et de faire part des plans d'am\u00e9lioration continue \u00e9labor\u00e9s en fonction des commentaires re\u00e7us. En plus de fournir des renseignements sur les membres et les d\u00e9penses de la Commission, le rapport annuel donne l'occasion de reconna\u00eetre publiquement les contributions des \u00e9valuateurs experts qui ont entrepris des examens au nom de la Commission tout au long de l'ann\u00e9e.<\/p>\n\n\n\n<p><a href=\"https:\/\/peqab.ca\/wp-content\/uploads\/_docs\/Publications\/2025%20Annual%20ReportAccessibleWordversion%20Final.pdf\" target=\"_blank\" rel=\"noreferrer noopener\">Annual Report, 2025 (Accessible)<\/a><\/p>\n\n\n\n<p><a href=\"..\/..\/wp-content\/uploads\/_docs\/Publications\/AnnualReport2024FINALv1jbb.pdf\" target=\"_blank\" rel=\"noreferrer noopener\">[Contenu \u00e0 venir]<\/a><\/p>\n\n\n\n<p><a href=\"..\/..\/wp-content\/uploads\/_docs\/Publications\/2024%20Annual%20ReportAccessible%20FINAL.pdf\" target=\"_blank\" rel=\"noreferrer noopener\">[Contenu \u00e0 venir]<\/a><\/p>\n\n\n\n<p><a href=\"..\/..\/wp-content\/uploads\/_docs\/Publications\/PEQAB%202023%20Annual%20Report%20Jan%2025%202024%20WEB%202.pdf\" target=\"_blank\" rel=\"noreferrer noopener\">[Contenu \u00e0 venir]<\/a><\/p>\n\n\n\n<p><a href=\"..\/..\/wp-content\/uploads\/_docs\/Publications\/PEQAB%202022%20Annual%20Report.pdf\" target=\"_blank\" rel=\"noreferrer noopener\">[Contenu \u00e0 venir]<\/a><\/p>\n\n\n\n<p><a href=\"..\/..\/wp-content\/uploads\/_docs\/Publications\/PEQAB%20AR%202021.pdf\" target=\"_blank\" rel=\"noreferrer noopener\">[Contenu \u00e0 venir]<\/a><\/p>\n\n\n\n<p><a href=\"..\/..\/wp-content\/uploads\/_docs\/Publications\/2020%20Annual%20Report%20Final%20(Web).pdf\" target=\"_blank\" rel=\"noreferrer noopener\">[Contenu \u00e0 venir]<\/a><\/p>\n\n\n\n<p><a href=\"..\/..\/wp-content\/uploads\/_docs\/Publications\/PEQAB%202019_20%20Annual%20Report.pdf\" target=\"_blank\" rel=\"noreferrer noopener\">2019\/2020 Rapport Annuel<\/a><\/p>\n\n\n\n<p><a href=\"..\/..\/wp-content\/uploads\/_docs\/Publications\/PEQAB%202018_2019%20Annual%20Report%20Final.pdf\" target=\"_blank\" rel=\"noreferrer noopener\">[Contenu \u00e0 venir]<\/a><\/p>\n\n\n\n<p><a href=\"..\/..\/wp-content\/uploads\/_docs\/Publications\/PEQABAR%20(2017_18)%20Final.pdf\" target=\"_blank\" rel=\"noreferrer noopener\">2017\/2018 Rapport Annuel<\/a><\/p>\n\n\n\n<p><a href=\"..\/..\/wp-content\/uploads\/_docs\/Publications\/PEQAB%20AR%20(2016_17).pdf\" target=\"_blank\" rel=\"noreferrer noopener\">[Contenu \u00e0 venir]<\/a><\/p>\n\n\n\n<p><a href=\"..\/..\/wp-content\/uploads\/_docs\/Publications\/PEQAB%20AR%20(2015_16).pdf\" target=\"_blank\" rel=\"noreferrer noopener\">2015\/2016 Rapport Annuel<\/a><\/p>\n\n\n\n<p><a href=\"..\/..\/wp-content\/uploads\/_docs\/Publications\/PEQAB%20AR%20(2014_15).pdf\" target=\"_blank\" rel=\"noreferrer noopener\">2014\/2015 Rapport Annuel<\/a><\/p>\n\n\n\n<p><a href=\"..\/..\/wp-content\/uploads\/_docs\/Publications\/AnnualReport2013%202014E.pdf\" target=\"_blank\" rel=\"noreferrer noopener\">2013\/2014 Rapport Annuel<\/a><\/p>\n\n\n\n<p><a href=\"..\/..\/wp-content\/uploads\/_docs\/Publications\/AnnualReport2012%202013E.pdf\" target=\"_blank\" rel=\"noreferrer noopener\">2012\/2013 Rapport Annuel<\/a><\/p>\n\n\n\n<p><a href=\"..\/..\/wp-content\/uploads\/_docs\/Publications\/AnnualReport20112012.pdf\" target=\"_blank\" rel=\"noreferrer noopener\">2011\/2012 Rapport Annuel<\/a><\/p>\n\n\n\n<p><a href=\"..\/..\/wp-content\/uploads\/_docs\/Publications\/PEQAB_2010-11ENG.pdf\" target=\"_blank\" rel=\"noreferrer noopener\">2010\/2011 Rapport Annuel<\/a><\/p>\n\n\n\n<p><a href=\"..\/..\/wp-content\/uploads\/_docs\/Publications\/AnnualReport20092010.pdf\" target=\"_blank\" rel=\"noreferrer noopener\">2009\/2010 Rapport Annuel<\/a><\/p>\n\n\n\n<p><a href=\"..\/..\/wp-content\/uploads\/_docs\/Publications\/PEQAB_09.pdf\" target=\"_blank\" rel=\"noreferrer noopener\">2008\/2009 Rapport Annuel<\/a><\/p>\n\n\n\n<p><a href=\"..\/..\/wp-content\/uploads\/_docs\/Publications\/PEQAB_08.pdf\" target=\"_blank\" rel=\"noreferrer noopener\">2007\/2008 Rapport Annuel<\/a><\/p>\n\n\n\n<p><a href=\"..\/..\/wp-content\/uploads\/_docs\/Publications\/PEQABAR06-07.pdf\" target=\"_blank\" rel=\"noreferrer noopener\">2006\/2007 Rapport Annuel<\/a><\/p>\n\n\n\n<p><a href=\"..\/..\/wp-content\/uploads\/_docs\/Publications\/PEQAB_AR(05-06).pdf\" target=\"_blank\" rel=\"noreferrer noopener\">2005\/2006 Rapport Annuel<\/a><\/p>\n\n\n\n<p><a href=\"..\/..\/wp-content\/uploads\/_docs\/Publications\/PEQABAR04-05.pdf\" target=\"_blank\" rel=\"noreferrer noopener\">2004\/2005 Rapport Annuel<\/a><\/p>\n\n\n\n<p><a href=\"..\/..\/wp-content\/uploads\/_docs\/Publications\/PEQABAR03-04.pdf\" target=\"_blank\" rel=\"noreferrer noopener\">2003\/2004 Rapport Annuel<\/a><\/p>\n\n\n\n<p><a href=\"..\/..\/wp-content\/uploads\/_docs\/Publications\/PEQAB_AR(02-03).pdf\" target=\"_blank\" rel=\"noreferrer noopener\">2002\/2003 Rapport Annuel<\/a><\/p>\n\n\n\n<p><a href=\"..\/..\/wp-content\/uploads\/_docs\/Publications\/PEQAB_AR(01-02).pdf\" target=\"_blank\" rel=\"noreferrer noopener\">2001\/2002 Rapport Annuel<\/a><\/p>","protected":false},"excerpt":{"rendered":"<p>Annual Reports The Board publishes a report each year to offer insight into the Board&#8217;s operations and provide an overview [&hellip;]<\/p>\n","protected":false},"author":1,"featured_media":0,"parent":0,"menu_order":0,"comment_status":"closed","ping_status":"closed","template":"","meta":{"_uag_custom_page_level_css":"","site-sidebar-layout":"default","site-content-layout":"","ast-site-content-layout":"default","site-content-style":"default","site-sidebar-style":"default","ast-global-header-display":"","ast-banner-title-visibility":"","ast-main-header-display":"","ast-hfb-above-header-display":"","ast-hfb-below-header-display":"","ast-hfb-mobile-header-display":"","site-post-title":"disabled","ast-breadcrumbs-content":"","ast-featured-img":"","footer-sml-layout":"","ast-disable-related-posts":"","theme-transparent-header-meta":"","adv-header-id-meta":"","stick-header-meta":"","header-above-stick-meta":"","header-main-stick-meta":"","header-below-stick-meta":"","astra-migrate-meta-layouts":"set","ast-page-background-enabled":"default","ast-page-background-meta":{"desktop":{"background-color":"var(--ast-global-color-4)","background-image":"","background-repeat":"repeat","background-position":"center center","background-size":"auto","background-attachment":"scroll","background-type":"","background-media":"","overlay-type":"","overlay-color":"","overlay-opacity":"","overlay-gradient":""},"tablet":{"background-color":"","background-image":"","background-repeat":"repeat","background-position":"center center","background-size":"auto","background-attachment":"scroll","background-type":"","background-media":"","overlay-type":"","overlay-color":"","overlay-opacity":"","overlay-gradient":""},"mobile":{"background-color":"","background-image":"","background-repeat":"repeat","background-position":"center center","background-size":"auto","background-attachment":"scroll","background-type":"","background-media":"","overlay-type":"","overlay-color":"","overlay-opacity":"","overlay-gradient":""}},"ast-content-background-meta":{"desktop":{"background-color":"var(--ast-global-color-5)","background-image":"","background-repeat":"repeat","background-position":"center center","background-size":"auto","background-attachment":"scroll","background-type":"","background-media":"","overlay-type":"","overlay-color":"","overlay-opacity":"","overlay-gradient":""},"tablet":{"background-color":"var(--ast-global-color-5)","background-image":"","background-repeat":"repeat","background-position":"center center","background-size":"auto","background-attachment":"scroll","background-type":"","background-media":"","overlay-type":"","overlay-color":"","overlay-opacity":"","overlay-gradient":""},"mobile":{"background-color":"var(--ast-global-color-5)","background-image":"","background-repeat":"repeat","background-position":"center center","background-size":"auto","background-attachment":"scroll","background-type":"","background-media":"","overlay-type":"","overlay-color":"","overlay-opacity":"","overlay-gradient":""}},"footnotes":""},"class_list":["post-2136","page","type-page","status-publish","hentry"],"uagb_featured_image_src":{"full":false,"thumbnail":false,"medium":false,"medium_large":false,"large":false,"1536x1536":false,"2048x2048":false,"trp-custom-language-flag":false},"uagb_author_info":{"display_name":"PEQABadmin","author_link":"https:\/\/peqab.ca\/fr\/author\/peqabadmin\/"},"uagb_comment_info":0,"uagb_excerpt":"Annual Reports The Board publishes a report each year to offer insight into the Board&#8217;s operations and provide an overview [&hellip;]","_links":{"self":[{"href":"https:\/\/peqab.ca\/fr\/wp-json\/wp\/v2\/pages\/2136","targetHints":{"allow":["GET"]}}],"collection":[{"href":"https:\/\/peqab.ca\/fr\/wp-json\/wp\/v2\/pages"}],"about":[{"href":"https:\/\/peqab.ca\/fr\/wp-json\/wp\/v2\/types\/page"}],"author":[{"embeddable":true,"href":"https:\/\/peqab.ca\/fr\/wp-json\/wp\/v2\/users\/1"}],"replies":[{"embeddable":true,"href":"https:\/\/peqab.ca\/fr\/wp-json\/wp\/v2\/comments?post=2136"}],"version-history":[{"count":1,"href":"https:\/\/peqab.ca\/fr\/wp-json\/wp\/v2\/pages\/2136\/revisions"}],"predecessor-version":[{"id":2625,"href":"https:\/\/peqab.ca\/fr\/wp-json\/wp\/v2\/pages\/2136\/revisions\/2625"}],"wp:attachment":[{"href":"https:\/\/peqab.ca\/fr\/wp-json\/wp\/v2\/media?parent=2136"}],"curies":[{"name":"wp","href":"https:\/\/api.w.org\/{rel}","templated":true}]}}