{"id":2139,"date":"2025-03-21T12:43:06","date_gmt":"2025-03-21T16:43:06","guid":{"rendered":"https:\/\/peqab.ca\/?page_id=2139"},"modified":"2025-04-12T13:09:44","modified_gmt":"2025-04-12T17:09:44","slug":"degree-level-standards","status":"publish","type":"page","link":"https:\/\/peqab.ca\/fr\/degree-level-standards\/","title":{"rendered":"Normes pour le niveau des grades"},"content":{"rendered":"<div class=\"wp-block-uagb-container uagb-block-c61f8af5 alignfull uagb-is-root-container\"><div class=\"uagb-container-inner-blocks-wrap\">\n<div class=\"wp-block-uagb-advanced-heading uagb-block-a8bb688c\"><h2 class=\"uagb-heading-text\">Normes pour le niveau des grades<\/h2><\/div>\n<\/div><\/div>\n\n\n\n<p>La Commission d'\u00e9valuation de la qualit\u00e9 de l'\u00e9ducation postsecondaire a introduit le premier cadre de classification des grades au Canada en 2002. Les cadres de classification sont des descriptions des connaissances et habilet\u00e9s g\u00e9n\u00e9riques que chaque titre de comp\u00e9tence (par ex. certificat, dipl\u00f4me, baccalaur\u00e9at) est cens\u00e9 atteindre. Ils servent plusieurs objectifs, agissant notamment comme une norme relative \u00e0 l'assurance de la qualit\u00e9. Le cadre de la Commission d'\u00e9valuation de la qualit\u00e9 de l'\u00e9ducation postsecondaire repose sur les meilleures caract\u00e9ristiques des cadres qui sont disponibles \u00e0 l'\u00e9chelle internationale, auxquelles on a apport\u00e9 des modifications en fonction du contexte ontarien.<\/p>\n\n\n\n<p class=\" translation-block\">Apr\u00e8s sa publication, le cadre de la Commission d'\u00e9valuation de la qualit\u00e9 de l'\u00e9ducation postsecondaire a \u00e9t\u00e9 adopt\u00e9, avec des modifications mineures, en vue de l'examen des programmes de premier cycle et d'\u00e9tudes sup\u00e9rieures offerts par les universit\u00e9s publiques de l'Ontario. Par la suite, le secr\u00e9tariat de la Commission d'\u00e9valuation de la qualit\u00e9 de l'\u00e9ducation postsecondaire a men\u00e9 une initiative \u00e0 la grandeur du minist\u00e8re afin d'\u00e9laborer un cadre applicable \u00e0 tous les titres de comp\u00e9tence postsecondaires offerts en Ontario. Le <a href=\"..\/..\/wp-content\/uploads\/_docs\/Publications\/oqf_french.pdf\" target=\"_blank\" rel=\"noreferrer noopener\">Cadre de classification des titres de comp\u00e9tence de l'Ontario<\/a> est le seul cadre au Canada qui vise tous les titres de comp\u00e9tence de l'\u00e9ducation postsecondaire, des programmes d'apprentissage jusqu'aux doctorats.<\/p>","protected":false},"excerpt":{"rendered":"<p>Degree Level Standards PEQAB introduced the first degree qualifications framework in Canada in 2002. Qualifications frameworks are descriptions of the [&hellip;]<\/p>\n","protected":false},"author":1,"featured_media":0,"parent":0,"menu_order":0,"comment_status":"closed","ping_status":"closed","template":"","meta":{"_uag_custom_page_level_css":"","site-sidebar-layout":"default","site-content-layout":"","ast-site-content-layout":"default","site-content-style":"default","site-sidebar-style":"default","ast-global-header-display":"","ast-banner-title-visibility":"","ast-main-header-display":"","ast-hfb-above-header-display":"","ast-hfb-below-header-display":"","ast-hfb-mobile-header-display":"","site-post-title":"disabled","ast-breadcrumbs-content":"","ast-featured-img":"","footer-sml-layout":"","ast-disable-related-posts":"","theme-transparent-header-meta":"","adv-header-id-meta":"","stick-header-meta":"","header-above-stick-meta":"","header-main-stick-meta":"","header-below-stick-meta":"","astra-migrate-meta-layouts":"set","ast-page-background-enabled":"default","ast-page-background-meta":{"desktop":{"background-color":"var(--ast-global-color-4)","background-image":"","background-repeat":"repeat","background-position":"center center","background-size":"auto","background-attachment":"scroll","background-type":"","background-media":"","overlay-type":"","overlay-color":"","overlay-opacity":"","overlay-gradient":""},"tablet":{"background-color":"","background-image":"","background-repeat":"repeat","background-position":"center center","background-size":"auto","background-attachment":"scroll","background-type":"","background-media":"","overlay-type":"","overlay-color":"","overlay-opacity":"","overlay-gradient":""},"mobile":{"background-color":"","background-image":"","background-repeat":"repeat","background-position":"center center","background-size":"auto","background-attachment":"scroll","background-type":"","background-media":"","overlay-type":"","overlay-color":"","overlay-opacity":"","overlay-gradient":""}},"ast-content-background-meta":{"desktop":{"background-color":"var(--ast-global-color-5)","background-image":"","background-repeat":"repeat","background-position":"center center","background-size":"auto","background-attachment":"scroll","background-type":"","background-media":"","overlay-type":"","overlay-color":"","overlay-opacity":"","overlay-gradient":""},"tablet":{"background-color":"var(--ast-global-color-5)","background-image":"","background-repeat":"repeat","background-position":"center center","background-size":"auto","background-attachment":"scroll","background-type":"","background-media":"","overlay-type":"","overlay-color":"","overlay-opacity":"","overlay-gradient":""},"mobile":{"background-color":"var(--ast-global-color-5)","background-image":"","background-repeat":"repeat","background-position":"center center","background-size":"auto","background-attachment":"scroll","background-type":"","background-media":"","overlay-type":"","overlay-color":"","overlay-opacity":"","overlay-gradient":""}},"footnotes":""},"class_list":["post-2139","page","type-page","status-publish","hentry"],"uagb_featured_image_src":{"full":false,"thumbnail":false,"medium":false,"medium_large":false,"large":false,"1536x1536":false,"2048x2048":false,"trp-custom-language-flag":false},"uagb_author_info":{"display_name":"PEQABadmin","author_link":"https:\/\/peqab.ca\/fr\/author\/peqabadmin\/"},"uagb_comment_info":0,"uagb_excerpt":"Degree Level Standards PEQAB introduced the first degree qualifications framework in Canada in 2002. Qualifications frameworks are descriptions of the [&hellip;]","_links":{"self":[{"href":"https:\/\/peqab.ca\/fr\/wp-json\/wp\/v2\/pages\/2139","targetHints":{"allow":["GET"]}}],"collection":[{"href":"https:\/\/peqab.ca\/fr\/wp-json\/wp\/v2\/pages"}],"about":[{"href":"https:\/\/peqab.ca\/fr\/wp-json\/wp\/v2\/types\/page"}],"author":[{"embeddable":true,"href":"https:\/\/peqab.ca\/fr\/wp-json\/wp\/v2\/users\/1"}],"replies":[{"embeddable":true,"href":"https:\/\/peqab.ca\/fr\/wp-json\/wp\/v2\/comments?post=2139"}],"version-history":[{"count":0,"href":"https:\/\/peqab.ca\/fr\/wp-json\/wp\/v2\/pages\/2139\/revisions"}],"wp:attachment":[{"href":"https:\/\/peqab.ca\/fr\/wp-json\/wp\/v2\/media?parent=2139"}],"curies":[{"name":"wp","href":"https:\/\/api.w.org\/{rel}","templated":true}]}}