{"id":2195,"date":"2025-03-23T12:25:08","date_gmt":"2025-03-23T16:25:08","guid":{"rendered":"https:\/\/peqab.ca\/?page_id=2195"},"modified":"2025-10-16T11:15:28","modified_gmt":"2025-10-16T15:15:28","slug":"public-comment","status":"publish","type":"page","link":"https:\/\/peqab.ca\/fr\/public-comment\/","title":{"rendered":"Occasion pour le public d'\u00e9mettre ses commentaires sur les demandes"},"content":{"rendered":"<div class=\"wp-block-uagb-container uagb-block-c61f8af5 alignfull uagb-is-root-container\"><div class=\"uagb-container-inner-blocks-wrap\">\n<div class=\"wp-block-uagb-advanced-heading uagb-block-a8bb688c\"><h2 class=\"uagb-heading-text\">Occasion pour le public d'\u00e9mettre ses commentaires sur les demandes<\/h2><\/div>\n<\/div><\/div>\n\n\n\n<p class=\" translation-block\">La Commission affiche toutes les demandes sur son site Web, \u00e0 l'exception des renseignements concernant les personnes et les autres renseignements confidentiels assujettis \u00e0 la\u00a0<a href=\"http:\/\/www.e-laws.gov.on.ca\/DBLaws\/Regs\/French\/900460_f.htm\" target=\"_blank\" rel=\"noreferrer noopener\">Loi de 1990 sur l'acc\u00e8s \u00e0 l'information et la protection de la vie priv\u00e9e<\/a>.<\/p>\n\n\n\n<p>Lorsqu'une demande est affich\u00e9e sur son site Web, la Commission fixe une date limite pour la r\u00e9ception des commentaires portant sur la demande de la part des parties int\u00e9ress\u00e9es. Les personnes qui d\u00e9sirent obtenir de plus amples renseignements concernant la demande doivent communiquer avec l'auteur de la demande.<\/p>\n\n\n\n<p>Les commentaires portant sur l'\u00e9valuation de la demande en fonction des crit\u00e8res de la Commission seront trait\u00e9s comme suit:<\/p>\n\n\n\n<ul class=\"wp-block-list\">\n<li>Comments bearing on the assessment of the application against the Board&#8217;s criteria will be transmitted to the External Expert Review Panel or Organization Reviewers, as appropriate, for consideration. Comments forwarded to Panels or Reviewers will also be forwarded to the applicant.<\/li>\n\n\n\n<li>Les remarques portant sur les crit\u00e8res ou les activit\u00e9s de la Commission seront transmises \u00e0 la Commission pour \u00eatre prises en consid\u00e9ration.<\/li>\n<\/ul>\n\n\n\n<p>Les commentaires portant sur l'\u00e9valuation de la demande en fonction des crit\u00e8res de la Commission doivent \u00eatre transmis au secr\u00e9tariat:<\/p>\n\n\n\n<p class=\" translation-block\">315, rue Front, Ouest\n<br>16\u00e8me \u00e9tage\n<br>Toronto, ON M7A 0B8\n<br><strong>Courriel:<\/strong>\u00a0 <a href=\"mailto:PEQAB@ontario.ca\" target=\"_self\">PEQAB@ontario.ca<\/a><\/p>\n\n\n\n<p>Les commentaires portant sur des questions de politique publique doivent \u00eatre adress\u00e9s \u00e0:<\/p>\n\n\n\n<p class=\" translation-block\">Unit\u00e9 des universit\u00e9s\n<br>Direction de la responsabilisation du secteur postsecondaire\n<br>Minist\u00e8re de l'Enseignement sup\u00e9rieur et de la Formation professionalle\n<br>315, rue Front, Ouest\n<br>16\u00e8me \u00e9tage\n<br>Toronto, ON M7A 0B8\n<br><strong>Courriel:<\/strong> \u00a0<a href=\"mailto:PostsecondaryEducationProgramsBranch@ontario.ca\" target=\"_self\">PostsecondaryEducationProgramsBranch@ontario.ca<\/a><\/p>","protected":false},"excerpt":{"rendered":"<p>Public Comment The Board posts all applications on its web site, excluding information about individuals and other confidential information subject [&hellip;]<\/p>\n","protected":false},"author":1,"featured_media":0,"parent":0,"menu_order":0,"comment_status":"closed","ping_status":"closed","template":"","meta":{"_uag_custom_page_level_css":"","site-sidebar-layout":"default","site-content-layout":"","ast-site-content-layout":"default","site-content-style":"default","site-sidebar-style":"default","ast-global-header-display":"","ast-banner-title-visibility":"","ast-main-header-display":"","ast-hfb-above-header-display":"","ast-hfb-below-header-display":"","ast-hfb-mobile-header-display":"","site-post-title":"disabled","ast-breadcrumbs-content":"","ast-featured-img":"","footer-sml-layout":"","ast-disable-related-posts":"","theme-transparent-header-meta":"","adv-header-id-meta":"","stick-header-meta":"","header-above-stick-meta":"","header-main-stick-meta":"","header-below-stick-meta":"","astra-migrate-meta-layouts":"set","ast-page-background-enabled":"default","ast-page-background-meta":{"desktop":{"background-color":"var(--ast-global-color-4)","background-image":"","background-repeat":"repeat","background-position":"center center","background-size":"auto","background-attachment":"scroll","background-type":"","background-media":"","overlay-type":"","overlay-color":"","overlay-opacity":"","overlay-gradient":""},"tablet":{"background-color":"","background-image":"","background-repeat":"repeat","background-position":"center center","background-size":"auto","background-attachment":"scroll","background-type":"","background-media":"","overlay-type":"","overlay-color":"","overlay-opacity":"","overlay-gradient":""},"mobile":{"background-color":"","background-image":"","background-repeat":"repeat","background-position":"center center","background-size":"auto","background-attachment":"scroll","background-type":"","background-media":"","overlay-type":"","overlay-color":"","overlay-opacity":"","overlay-gradient":""}},"ast-content-background-meta":{"desktop":{"background-color":"var(--ast-global-color-5)","background-image":"","background-repeat":"repeat","background-position":"center center","background-size":"auto","background-attachment":"scroll","background-type":"","background-media":"","overlay-type":"","overlay-color":"","overlay-opacity":"","overlay-gradient":""},"tablet":{"background-color":"var(--ast-global-color-5)","background-image":"","background-repeat":"repeat","background-position":"center center","background-size":"auto","background-attachment":"scroll","background-type":"","background-media":"","overlay-type":"","overlay-color":"","overlay-opacity":"","overlay-gradient":""},"mobile":{"background-color":"var(--ast-global-color-5)","background-image":"","background-repeat":"repeat","background-position":"center center","background-size":"auto","background-attachment":"scroll","background-type":"","background-media":"","overlay-type":"","overlay-color":"","overlay-opacity":"","overlay-gradient":""}},"footnotes":""},"class_list":["post-2195","page","type-page","status-publish","hentry"],"uagb_featured_image_src":{"full":false,"thumbnail":false,"medium":false,"medium_large":false,"large":false,"1536x1536":false,"2048x2048":false,"trp-custom-language-flag":false},"uagb_author_info":{"display_name":"PEQABadmin","author_link":"https:\/\/peqab.ca\/fr\/author\/peqabadmin\/"},"uagb_comment_info":0,"uagb_excerpt":"Public Comment The Board posts all applications on its web site, excluding information about individuals and other confidential information subject [&hellip;]","_links":{"self":[{"href":"https:\/\/peqab.ca\/fr\/wp-json\/wp\/v2\/pages\/2195","targetHints":{"allow":["GET"]}}],"collection":[{"href":"https:\/\/peqab.ca\/fr\/wp-json\/wp\/v2\/pages"}],"about":[{"href":"https:\/\/peqab.ca\/fr\/wp-json\/wp\/v2\/types\/page"}],"author":[{"embeddable":true,"href":"https:\/\/peqab.ca\/fr\/wp-json\/wp\/v2\/users\/1"}],"replies":[{"embeddable":true,"href":"https:\/\/peqab.ca\/fr\/wp-json\/wp\/v2\/comments?post=2195"}],"version-history":[{"count":2,"href":"https:\/\/peqab.ca\/fr\/wp-json\/wp\/v2\/pages\/2195\/revisions"}],"predecessor-version":[{"id":2530,"href":"https:\/\/peqab.ca\/fr\/wp-json\/wp\/v2\/pages\/2195\/revisions\/2530"}],"wp:attachment":[{"href":"https:\/\/peqab.ca\/fr\/wp-json\/wp\/v2\/media?parent=2195"}],"curies":[{"name":"wp","href":"https:\/\/api.w.org\/{rel}","templated":true}]}}