{"id":2536,"date":"2025-12-11T13:43:57","date_gmt":"2025-12-11T18:43:57","guid":{"rendered":"https:\/\/peqab.ca\/?page_id=2536"},"modified":"2025-12-18T08:08:59","modified_gmt":"2025-12-18T13:08:59","slug":"program-standards","status":"publish","type":"page","link":"https:\/\/peqab.ca\/fr\/program-standards\/","title":{"rendered":"Les normes des programmes"},"content":{"rendered":"<div class=\"wp-block-uagb-container uagb-block-c61f8af5 alignfull uagb-is-root-container\"><div class=\"uagb-container-inner-blocks-wrap\">\n<div class=\"wp-block-uagb-advanced-heading uagb-block-a8bb688c\"><h2 class=\"uagb-heading-text\">Les normes des programmes<\/h2><\/div>\n<\/div><\/div>\n\n\n\n<p>Les normes des programmes sont \u00e9labor\u00e9es par la Direction de l'\u00e9valuation de la qualit\u00e9 de l\u2019\u00e9ducation postsecondaire (CEQEP) et s'appliquent \u00e0 tous les programmes d'enseignement similaires offerts par les coll\u00e8ges publics de la province. Les normes des programmes favorisent l'uniformit\u00e9 des r\u00e9sultats en mati\u00e8re d'\u00e9ducation et de formation dans tous les coll\u00e8ges publics, principalement les coll\u00e8ges de l'Ontario (et, dans certains cas, les coll\u00e8ges professionnels, les conseils scolaires de district et les instituts autochtones).<\/p>\n\n\n\n<p>L'\u00e9laboration des normes des programmes a d\u00e9but\u00e9 en 1993 avec les objectifs suivants :<br>1. Une plus grande coh\u00e9rence des programmes coll\u00e9giaux dans toute la province;<br>2. Une orientation plus large des programmes coll\u00e9giaux, y compris <a href=\"https:\/\/www.ontario.ca\/page\/essential-employability-skills\" target=\"_blank\" rel=\"noreferrer noopener\">les comp\u00e9tences essentielles relatifs \u00e0 l\u2019employabilit\u00e9<\/a> et <a href=\"https:\/\/www.ontario.ca\/page\/general-education-program-requirements\" target=\"_blank\" rel=\"noreferrer noopener\">les exigences de l\u2019\u00e9ducation g\u00e9n\u00e9rale<\/a> afin de garantir que les dipl\u00f4m\u00e9s poss\u00e8dent les comp\u00e9tences n\u00e9cessaires pour faire preuve de souplesse et continuer \u00e0 apprendre et \u00e0 s'adapter;<br>3. La responsabilit\u00e9 publique quant \u00e0 la qualit\u00e9 et la pertinence des programmes coll\u00e9giaux.<\/p>\n\n\n\n<p>La CEQEP est charg\u00e9e de l'\u00e9laboration, de l'\u00e9valuation, de l'approbation et de la publication des normes applicables \u00e0 l'ensemble du syst\u00e8me pour les programmes d'enseignement des coll\u00e8ges de l'Ontario.<\/p>\n\n\n\n<p>Pour plus d'informations sur les normes des programmes et pour consulter toutes les normes approuv\u00e9es par la CEQEP, veuillez consulter le site : <a href=\"https:\/\/www.ontario.ca\/fr\/page\/normes-des-programmes-collegiaux\" target=\"_blank\" rel=\"noreferrer noopener\">https:\/\/www.ontario.ca\/fr\/page\/normes-des-programmes-collegiaux<\/a>.<\/p>\n\n\n\n<p>Pour le cycle 2025-2026, les normes des programmes en cours de d\u00e9veloppement\/ de r\u00e9vision sont disponibles <a href=\"https:\/\/peqab.ca\/wp-content\/uploads\/Program%20Standards\/PEQAB%20Program%20Standards%20Plan%202025-2026_FINAL.pdf\" target=\"_blank\" rel=\"noreferrer noopener\">ici<\/a>. De plus, <em>une pr\u00e9sentation sur les normes du programme 101<\/em> est disponible <a href=\"https:\/\/peqab.ca\/wp-content\/uploads\/Program%20Standards\/Program%20Standards%20101%20-%20December%202025.pdf\" target=\"_blank\" rel=\"noreferrer noopener\">ici<\/a>.<\/p>\n\n\n\n<p><strong>Veuillez noter que les normes des programmes rel\u00e8vent de la Direction de la CEQEP, qui soutient \u00e9galement le Conseil administratif de la CEQEP, mais qui est distincte des fonctions du Commission d'\u00e9valuation de la qualit\u00e9 de l'\u00e9ducation postsecondaire lui-m\u00eame.<\/strong><\/p>\n\n\n\n<h3 class=\"wp-block-heading\">Notre \u00e9quipe<\/h3>\n\n\n\n<p>Vous trouverez ci-dessous des informations sur les membres de l'\u00e9quipe et les normes des programmes dont ils sont responsables. Chaque charg\u00e9(e) de projet, avec le soutien du chef d'\u00e9quipe \/ conseiller principal en politiques, est charg\u00e9(e) de diriger ses propres examens et de r\u00e9diger les normes de programme en consultation avec nos parties prenantes.<\/p>\n\n\n\n<div id=\"footable_parent_2563\"\n         class=\"footable_parent ninja_table_wrapper loading_ninja_table wp_table_data_press_parent semantic_ui colored_table\">\n                    <h3 class=\"table_title footable_title\">Notre \u00e9quipe<\/h3>\n                        <table data-ninja_table_instance=\"ninja_table_instance_0\" data-footable_id=\"2563\" data-filter-delay=\"1000\" aria-label=\"Notre \u00e9quipe\"            id=\"footable_2563\"\n           data-unique_identifier=\"ninja_table_unique_id_2876702043_2563\"\n           class=\"foo-table ninja_footable foo_table_2563 ninja_table_unique_id_2876702043_2563 ui table  blue ninja_search_right nt_type_ajax_table fixed selectable striped vertical_centered inverted footable-paging-right\">\n                <colgroup>\n                            <col class=\"ninja_column_0\">\n                            <col class=\"ninja_column_1\">\n                    <\/colgroup>\n            <\/table>\n    \n    \n    \n<\/div>\n\n\n\n\n<p>Pour toute question concernant les normes du programme, veuillez contacter : <a href=\"mailto:psu@ontario.ca\">psu@ontario.ca<\/a>.<\/p>\n\n\n\n<p><\/p>","protected":false},"excerpt":{"rendered":"<p>Program Standards Program standards are developed by the Postsecondary Education Quality Assessment Branch (PEQAB) and apply to all similar programs [&hellip;]<\/p>\n","protected":false},"author":1,"featured_media":0,"parent":0,"menu_order":0,"comment_status":"closed","ping_status":"closed","template":"","meta":{"_uag_custom_page_level_css":"","site-sidebar-layout":"default","site-content-layout":"","ast-site-content-layout":"default","site-content-style":"default","site-sidebar-style":"default","ast-global-header-display":"","ast-banner-title-visibility":"","ast-main-header-display":"","ast-hfb-above-header-display":"","ast-hfb-below-header-display":"","ast-hfb-mobile-header-display":"","site-post-title":"","ast-breadcrumbs-content":"","ast-featured-img":"","footer-sml-layout":"","ast-disable-related-posts":"","theme-transparent-header-meta":"","adv-header-id-meta":"","stick-header-meta":"","header-above-stick-meta":"","header-main-stick-meta":"","header-below-stick-meta":"","astra-migrate-meta-layouts":"set","ast-page-background-enabled":"default","ast-page-background-meta":{"desktop":{"background-color":"var(--ast-global-color-4)","background-image":"","background-repeat":"repeat","background-position":"center center","background-size":"auto","background-attachment":"scroll","background-type":"","background-media":"","overlay-type":"","overlay-color":"","overlay-opacity":"","overlay-gradient":""},"tablet":{"background-color":"","background-image":"","background-repeat":"repeat","background-position":"center center","background-size":"auto","background-attachment":"scroll","background-type":"","background-media":"","overlay-type":"","overlay-color":"","overlay-opacity":"","overlay-gradient":""},"mobile":{"background-color":"","background-image":"","background-repeat":"repeat","background-position":"center center","background-size":"auto","background-attachment":"scroll","background-type":"","background-media":"","overlay-type":"","overlay-color":"","overlay-opacity":"","overlay-gradient":""}},"ast-content-background-meta":{"desktop":{"background-color":"var(--ast-global-color-5)","background-image":"","background-repeat":"repeat","background-position":"center center","background-size":"auto","background-attachment":"scroll","background-type":"","background-media":"","overlay-type":"","overlay-color":"","overlay-opacity":"","overlay-gradient":""},"tablet":{"background-color":"var(--ast-global-color-5)","background-image":"","background-repeat":"repeat","background-position":"center center","background-size":"auto","background-attachment":"scroll","background-type":"","background-media":"","overlay-type":"","overlay-color":"","overlay-opacity":"","overlay-gradient":""},"mobile":{"background-color":"var(--ast-global-color-5)","background-image":"","background-repeat":"repeat","background-position":"center center","background-size":"auto","background-attachment":"scroll","background-type":"","background-media":"","overlay-type":"","overlay-color":"","overlay-opacity":"","overlay-gradient":""}},"footnotes":""},"class_list":["post-2536","page","type-page","status-publish","hentry"],"uagb_featured_image_src":{"full":false,"thumbnail":false,"medium":false,"medium_large":false,"large":false,"1536x1536":false,"2048x2048":false,"trp-custom-language-flag":false},"uagb_author_info":{"display_name":"PEQABadmin","author_link":"https:\/\/peqab.ca\/fr\/author\/peqabadmin\/"},"uagb_comment_info":0,"uagb_excerpt":"Program Standards Program standards are developed by the Postsecondary Education Quality Assessment Branch (PEQAB) and apply to all similar programs [&hellip;]","_links":{"self":[{"href":"https:\/\/peqab.ca\/fr\/wp-json\/wp\/v2\/pages\/2536","targetHints":{"allow":["GET"]}}],"collection":[{"href":"https:\/\/peqab.ca\/fr\/wp-json\/wp\/v2\/pages"}],"about":[{"href":"https:\/\/peqab.ca\/fr\/wp-json\/wp\/v2\/types\/page"}],"author":[{"embeddable":true,"href":"https:\/\/peqab.ca\/fr\/wp-json\/wp\/v2\/users\/1"}],"replies":[{"embeddable":true,"href":"https:\/\/peqab.ca\/fr\/wp-json\/wp\/v2\/comments?post=2536"}],"version-history":[{"count":33,"href":"https:\/\/peqab.ca\/fr\/wp-json\/wp\/v2\/pages\/2536\/revisions"}],"predecessor-version":[{"id":2613,"href":"https:\/\/peqab.ca\/fr\/wp-json\/wp\/v2\/pages\/2536\/revisions\/2613"}],"wp:attachment":[{"href":"https:\/\/peqab.ca\/fr\/wp-json\/wp\/v2\/media?parent=2536"}],"curies":[{"name":"wp","href":"https:\/\/api.w.org\/{rel}","templated":true}]}}